{"id":5781,"date":"2024-10-08T08:20:11","date_gmt":"2024-10-08T06:20:11","guid":{"rendered":"https:\/\/www.ehc.eu\/travaillez-avec-nous\/"},"modified":"2026-04-02T16:30:00","modified_gmt":"2026-04-02T14:30:00","slug":"travaillez-avec-nous","status":"publish","type":"page","link":"https:\/\/www.ehc.eu\/fr\/travaillez-avec-nous\/","title":{"rendered":"Travaillez avec nous"},"content":{"rendered":"<!-- hero -->\t<section   class=\"subpage-hero bg-white\">\n\t\t<div class=\"container\">\n\t\t\t<div class=\"relative z-10\">\n\t\t\t\t<div class=\"pt-16 lg:pt-24 pb-24 lg:pb-32\">\n\t\t\t\t\t<div class=\"row justify-between gap-10 lg:gap-0 mt-10 text-center lg:text-left\">\n\t\t\t\t\t\t<div class=\"w-full lg:w-7\/12 lg:self-center\">\n\t\t\t\t\t\t\t\t\t\t\t\t\t\t\t<div class=\"title h2\" data-scroll data-fade-up>\n\t\t\t\t\t\t\t\t\t<p class=\"text-[115%]\">Travaillez avec nous<\/p>\n\t\t\t\t\t\t\t\t<\/div>\n\t\t\t\t\t\t\t\t\t\t\t\t\t\t\t\t\t\t\t\t<\/div>\n\t\t\t\t\t\t\t\t\t\t\t<\/div>\n\t\t\t\t<\/div>\n\t\t\t<\/div>\n\t\t<\/div>\n\t\t\t\t\t\t\t\t\t<figure class=\"absolute size-[41.8rem] lg:size-[82.8rem] bottom-[-10%] right-[-10rem] lg:right-[-5%] image-contain opacity-100 skip-lazy\" data-parallax>\n\t\t\t\t\t<img decoding=\"async\" loading=\"eager\" src=\"https:\/\/etngbd86n6b.exactdn.com\/wp-content\/themes\/cbd\/img\/content-logo-colorfull-2.svg\" alt=\"content-logo-colorfull\">\n\t\t\t\t<\/figure>\n\t\t\t\t\t\t<\/section>\n<!-- overview -->\t<section   class=\"s-overlay-img s-padding bg-red\">\n\t\t<div class=\"container\">\n\t\t\t<div class=\"row w-full lg:flex-row justify-between text-center lg:text-left relative z-10\">\n\t\t\t\t\t\t\t\t\t<div class=\"w-full lg:w-4\/12 min-h-full\">\n\t\t\t\t\t\t<div class=\"w-full lg:w-[102%] h-[39rem] lg:h-[25vmax] min-h-full relative overflow-hidden radius-20\">\n\t\t\t\t\t\t\t<figure class=\"absolute top-0 left-0 size-full radius-20\" data-img-animation>\n\t\t\t\t\t\t\t\t<img width=\"940\" height=\"788\" src=\"https:\/\/etngbd86n6b.exactdn.com\/wp-content\/uploads\/2024\/11\/work-with-us-e1731435471535.jpg?strip=all&amp;sharp=1&sharp=1&fit=940%2C788\" class=\"attachment-large size-large\" alt=\"\" decoding=\"async\" loading=\"lazy\" \/>\t\t\t\t\t\t\t<\/figure>\n\t\t\t\t\t\t<\/div>\n\t\t\t\t\t<\/div>\n\t\t\t\t\t\t\t\t<div class=\"w-full lg:w-8\/12\">\n\t\t\t\t\t<div class=\"bg-white py-12 px-10 lg:py-44 lg:px-24 xl:px-44 relative radius-20 z-10\">\n\t\t\t\t\t\t\t\t\t\t\t\t\t\t\t\t\t\t\t<div class=\"title h4\" data-scroll data-fade-up>\n\t\t\t\t\t\t\t\t<p>Aucune offre d\u2019emploi n\u2019est disponible pour le moment  <\/p>\n\t\t\t\t\t\t\t<\/div>\n\t\t\t\t\t\t\t\t\t\t\t\t\t\t\t\t\t\t\t<div class=\"content mt-8\" data-scroll data-fade-up>\n\t\t\t\t\t\t\t\t<p><span style=\"font-weight: 400;\">Une \u00e9quipe comp\u00e9tente de professionnels bas\u00e9e \u00e0 Bruxelles qui g\u00e8re les activit\u00e9s quotidiennes de l\u2019EHC.<\/span><\/p>\n\t\t\t\t\t\t\t<\/div>\n\t\t\t\t\t\t\t\t\t\t\t\t\t\t\t\t\t\t\t<div class=\"bottom mt-12\" data-scroll data-fade-up>\n\t\t\t\t\t\t\t\t<a href=\"https:\/\/ehc.eu\/about\/\" target=\"_blank\" class=\"btn with-icon\">\n\t\t\t\t\t\t\t\t\t<span>Learn more about us<\/span>\n\t\t\t\t\t\t\t\t<\/a>\n\t\t\t\t\t\t\t<\/div>\n\t\t\t\t\t\t\t\t\t\t\t<\/div>\n\t\t\t\t<\/div>\n\t\t\t<\/div>\n\t\t<\/div>\n\t<\/section>\n","protected":false},"excerpt":{"rendered":"","protected":false},"author":1,"featured_media":1992,"parent":0,"menu_order":0,"comment_status":"closed","ping_status":"closed","template":"","meta":{"_acf_changed":false,"footnotes":""},"class_list":["post-5781","page","type-page","status-publish","has-post-thumbnail","hentry"],"acf":[],"jetpack_sharing_enabled":true,"_links":{"self":[{"href":"https:\/\/www.ehc.eu\/fr\/wp-json\/wp\/v2\/pages\/5781","targetHints":{"allow":["GET"]}}],"collection":[{"href":"https:\/\/www.ehc.eu\/fr\/wp-json\/wp\/v2\/pages"}],"about":[{"href":"https:\/\/www.ehc.eu\/fr\/wp-json\/wp\/v2\/types\/page"}],"author":[{"embeddable":true,"href":"https:\/\/www.ehc.eu\/fr\/wp-json\/wp\/v2\/users\/1"}],"replies":[{"embeddable":true,"href":"https:\/\/www.ehc.eu\/fr\/wp-json\/wp\/v2\/comments?post=5781"}],"version-history":[{"count":1,"href":"https:\/\/www.ehc.eu\/fr\/wp-json\/wp\/v2\/pages\/5781\/revisions"}],"predecessor-version":[{"id":5783,"href":"https:\/\/www.ehc.eu\/fr\/wp-json\/wp\/v2\/pages\/5781\/revisions\/5783"}],"wp:featuredmedia":[{"embeddable":true,"href":"https:\/\/www.ehc.eu\/fr\/wp-json\/wp\/v2\/media\/1992"}],"wp:attachment":[{"href":"https:\/\/www.ehc.eu\/fr\/wp-json\/wp\/v2\/media?parent=5781"}],"curies":[{"name":"wp","href":"https:\/\/api.w.org\/{rel}","templated":true}]}}