{"id":5859,"date":"2026-03-20T13:11:07","date_gmt":"2026-03-20T12:11:07","guid":{"rendered":"https:\/\/www.ehc.eu\/gouvernance\/groupe-de-travail-sur-les-donnees-et-le-rgpd\/"},"modified":"2026-04-02T16:30:13","modified_gmt":"2026-04-02T14:30:13","slug":"groupe-de-travail-sur-les-donnees-et-le-rgpd","status":"publish","type":"page","link":"https:\/\/www.ehc.eu\/fr\/gouvernance\/groupe-de-travail-sur-les-donnees-et-le-rgpd\/","title":{"rendered":"Groupe de travail sur les donn\u00e9es et le RGPD"},"content":{"rendered":"<!-- hero -->\t<section   class=\"subpage-hero bg-white\">\n\t\t<div class=\"container\">\n\t\t\t<div class=\"relative z-10\">\n\t\t\t\t<div class=\"pt-16 lg:pt-24 pb-24 lg:pb-32\">\n\t\t\t\t\t<div class=\"row justify-between gap-10 lg:gap-0 mt-10 text-center lg:text-left\">\n\t\t\t\t\t\t<div class=\"w-full lg:w-6\/12 lg:self-center\">\n\t\t\t\t\t\t\t\t\t\t\t\t\t\t\t<div class=\"title h2\" data-scroll data-fade-up>\n\t\t\t\t\t\t\t\t\t<p class=\"text-[115%]\">Groupe de travail sur les donn\u00e9es et le RGPD<\/p>\n\t\t\t\t\t\t\t\t<\/div>\n\t\t\t\t\t\t\t\t\t\t\t\t\t\t\t\t\t\t\t\t\t\t<div class=\"content mt-14 lg:mt-20\" data-scroll data-fade-up data-delay-02>\n\t\t\t\t\t\t\t\t\t<p>Le Groupe de travail sur les donn\u00e9es et le RGPD a \u00e9t\u00e9 cr\u00e9\u00e9 en 2026 pour superviser et soutenir les activit\u00e9s de collecte de donn\u00e9es de l\u2019EHC, en veillant \u00e0 ce que toutes les donn\u00e9es soient collect\u00e9es, stock\u00e9es et g\u00e9r\u00e9es en pleine conformit\u00e9 avec le R\u00e8glement g\u00e9n\u00e9ral sur la protection des donn\u00e9es (RGPD) et les meilleures pratiques applicables en mati\u00e8re de protection des donn\u00e9es.<\/p>\n<p>Le Groupe de travail fournit des conseils et une supervision sur l\u2019ensemble des travaux li\u00e9s aux donn\u00e9es de l\u2019organisation, contribuant \u00e0 garantir que les droits et la vie priv\u00e9e des individus soient respect\u00e9s \u00e0 chaque \u00e9tape du cycle de vie des donn\u00e9es. Son travail contribue \u00e0 instaurer la confiance, la transparence et la responsabilit\u00e9 dans la mani\u00e8re dont l\u2019organisation traite l\u2019information. <\/p>\n\t\t\t\t\t\t\t\t<\/div>\n\t\t\t\t\t\t\t\t\t\t\t\t\t<\/div>\n\t\t\t\t\t\t\t\t\t\t\t<\/div>\n\t\t\t\t<\/div>\n\t\t\t<\/div>\n\t\t<\/div>\n\t\t\t\t\t\t\t\t\t<figure class=\"absolute size-[41.8rem] lg:size-[82.8rem] bottom-[-10%] right-[-10rem] lg:right-[-5%] image-contain opacity-100 skip-lazy\" data-parallax>\n\t\t\t\t\t<img decoding=\"async\" loading=\"eager\" src=\"https:\/\/etngbd86n6b.exactdn.com\/wp-content\/themes\/cbd\/img\/content-logo-colorfull-2.svg\" alt=\"content-logo-colorfull\">\n\t\t\t\t<\/figure>\n\t\t\t\t\t\t<\/section>\n<!-- team --><section   class=\"s-team s-padding bg-white\">\n    <div class=\"container\">\n        <div class=\"w-full grid sm:grid-cols-2 lg:grid-cols-4 gap-x-10 gap-y-10 sm:gap-y-20 text-center sm:text-left\">\n                            <div data-scroll data-fade-up>\n                    <div class=\"simple-card !bg-red text-white radius-30 no-bg-img\">\n                        <div class=\"title h4\">\n                            <p>Le groupe de travail sur les donn\u00e9es et le RGPD est compos\u00e9 de :<\/p>\n                        <\/div>\n                    <\/div>\n                <\/div>\n                                                                                                                        <div data-scroll data-fade-up>\n                        <div class=\"member-card h-[47rem] lg:h-[44rem] radius-20 cursor-pointer popup-action\">\n                            <figure class=\"bg radius-20\">\n                                <div class=\"overlay-bg\"><\/div>\n                                <img width=\"683\" height=\"1024\" src=\"https:\/\/etngbd86n6b.exactdn.com\/wp-content\/uploads\/2024\/10\/Olivia-Romero-Lux-2-683x1024.jpg?strip=all&amp;sharp=1\" class=\"attachment-large size-large wp-post-image\" alt=\"\" decoding=\"async\" loading=\"lazy\" srcset=\"https:\/\/etngbd86n6b.exactdn.com\/wp-content\/uploads\/2024\/10\/Olivia-Romero-Lux-2-683x1024.jpg?strip=all&amp;sharp=1 683w, https:\/\/etngbd86n6b.exactdn.com\/wp-content\/uploads\/2024\/10\/Olivia-Romero-Lux-2-200x300.jpg?strip=all&amp;sharp=1 200w, https:\/\/etngbd86n6b.exactdn.com\/wp-content\/uploads\/2024\/10\/Olivia-Romero-Lux-2-768x1152.jpg?strip=all&amp;sharp=1 768w, https:\/\/etngbd86n6b.exactdn.com\/wp-content\/uploads\/2024\/10\/Olivia-Romero-Lux-2-1024x1536.jpg?strip=all&amp;sharp=1 1024w, https:\/\/etngbd86n6b.exactdn.com\/wp-content\/uploads\/2024\/10\/Olivia-Romero-Lux-2.jpg?strip=all&amp;sharp=1 1067w, https:\/\/etngbd86n6b.exactdn.com\/wp-content\/uploads\/2024\/10\/Olivia-Romero-Lux-2.jpg?strip=all&amp;sharp=1&amp;w=426 426w, https:\/\/etngbd86n6b.exactdn.com\/wp-content\/uploads\/2024\/10\/Olivia-Romero-Lux-2.jpg?strip=all&amp;sharp=1&amp;w=853 853w\" sizes=\"auto, (max-width: 683px) 100vw, 683px\" \/>                            <\/figure>\n                            <div class=\"flex flex-col justify-end h-full p-5 radius-20 overflow-hidden\">\n                                <div class=\"top\">\n                                    <div class=\"absolute top-5 right-5 transition\">\n                                        <div class=\"btn btn-red !size-[4rem] small only-icon\">\n                                            <span>\n                                                <svg decoding=\"async\">\n                                                    <use xlink:href=\"#i-arrow-right\"><\/use>\n                                                <\/svg>\n                                            <\/span>\n                                        <\/div>\n                                    <\/div>\n                                <\/div>\n                                <div class=\"caption w-full bg-white text-center p-8 radius-20 z-10\">\n                                    <div class=\"title h6 !font-medium\">\n                                        <p>Olivia Romero Lux<\/p>\n                                    <\/div>\n                                                                                                                <div class=\"position lg:text-[16px] text-blue mt-4 opacity-90\">\n                                            <p>Directeur g\u00e9n\u00e9ral (PDG) et membre ex officio du comit\u00e9 directeur<\/p>\n                                        <\/div>\n                                                                    <\/div>\n                            <\/div>\n                            <div class=\"pop-up-content-info hidden\">\n                                <div class=\"row justify-between gap-14 lg:gap-0\">\n                                                                            <div class=\"w-full lg:w-5\/12\">\n                                            <div class=\"relative w-full max-w-[250px] lg:max-w-full h-[40rem] lg:h-[55rem] min-h-full mx-auto radius-20\">\n                                                <figure class=\"bg radius-20\">\n                                                    <img width=\"683\" height=\"1024\" src=\"https:\/\/etngbd86n6b.exactdn.com\/wp-content\/uploads\/2024\/10\/Olivia-Romero-Lux-2-683x1024.jpg?strip=all&amp;sharp=1\" class=\"attachment-large size-large wp-post-image\" alt=\"\" decoding=\"async\" loading=\"lazy\" srcset=\"https:\/\/etngbd86n6b.exactdn.com\/wp-content\/uploads\/2024\/10\/Olivia-Romero-Lux-2-683x1024.jpg?strip=all&amp;sharp=1 683w, https:\/\/etngbd86n6b.exactdn.com\/wp-content\/uploads\/2024\/10\/Olivia-Romero-Lux-2-200x300.jpg?strip=all&amp;sharp=1 200w, https:\/\/etngbd86n6b.exactdn.com\/wp-content\/uploads\/2024\/10\/Olivia-Romero-Lux-2-768x1152.jpg?strip=all&amp;sharp=1 768w, https:\/\/etngbd86n6b.exactdn.com\/wp-content\/uploads\/2024\/10\/Olivia-Romero-Lux-2-1024x1536.jpg?strip=all&amp;sharp=1 1024w, https:\/\/etngbd86n6b.exactdn.com\/wp-content\/uploads\/2024\/10\/Olivia-Romero-Lux-2.jpg?strip=all&amp;sharp=1 1067w, https:\/\/etngbd86n6b.exactdn.com\/wp-content\/uploads\/2024\/10\/Olivia-Romero-Lux-2.jpg?strip=all&amp;sharp=1&amp;w=426 426w, https:\/\/etngbd86n6b.exactdn.com\/wp-content\/uploads\/2024\/10\/Olivia-Romero-Lux-2.jpg?strip=all&amp;sharp=1&amp;w=853 853w\" sizes=\"auto, (max-width: 683px) 100vw, 683px\" \/>                                                <\/figure>\n                                            <\/div>\n                                        <\/div>\n                                                                        <div class=\"w-full lg:w-7\/12 lg:py-20 lg:pl-20 lg:self-center\">\n                                        <div class=\"title h5\">\n                                            <p>Olivia Romero Lux<\/p>\n                                        <\/div>\n                                                                                    <div class=\"details flex flex-col flex-wrap items-baseline mt-8\">\n                                                                                                                                                    <div class=\"flex gap-5\">\n                                                        <svg xmlns=\"http:\/\/www.w3.org\/2000\/svg\" viewBox=\"0 0 512 512\"><path d=\"M96 128a128 128 0 1 0 256 0A128 128 0 1 0 96 128zm94.5 200.2l18.6 31L175.8 483.1l-36-146.9c-2-8.1-9.8-13.4-17.9-11.3C51.9 342.4 0 405.8 0 481.3c0 17 13.8 30.7 30.7 30.7l131.7 0c0 0 0 0 .1 0l5.5 0 112 0 5.5 0c0 0 0 0 .1 0l131.7 0c17 0 30.7-13.8 30.7-30.7c0-75.5-51.9-138.9-121.9-156.4c-8.1-2-15.9 3.3-17.9 11.3l-36 146.9L238.9 359.2l18.6-31c6.4-10.7-1.3-24.2-13.7-24.2L224 304l-19.7 0c-12.4 0-20.1 13.6-13.7 24.2z\"\/><\/svg>\n                                                        Directeur g\u00e9n\u00e9ral (PDG) et membre ex officio du comit\u00e9 directeur                                                    <\/div>\n                                                                                                                                                    <div class=\"flex gap-5 items-end\">\n                                                        <svg xmlns=\"http:\/\/www.w3.org\/2000\/svg\" viewBox=\"0 0 512 512\"><path d=\"M48 64C21.5 64 0 85.5 0 112c0 15.1 7.1 29.3 19.2 38.4L236.8 313.6c11.4 8.5 27 8.5 38.4 0L492.8 150.4c12.1-9.1 19.2-23.3 19.2-38.4c0-26.5-21.5-48-48-48L48 64zM0 176L0 384c0 35.3 28.7 64 64 64l384 0c35.3 0 64-28.7 64-64l0-208L294.4 339.2c-22.8 17.1-54 17.1-76.8 0L0 176z\"\/><\/svg>\n                                                        <a href=\"mailto:oliviaromerolux@ehc.eu\">oliviaromerolux@ehc.eu<\/a>\n                                                    <\/div>\n                                                                                            <\/div>\n                                                                                                                            <div class=\"content text-[14px] mt-8 lg:max-w-[90%]\">\n                                                \n<p>Olivia a rejoint l\u2019\u00e9quipe de l\u2019EHC en avril 2024 apr\u00e8s avoir servi la communaut\u00e9 de l\u2019EHC en tant que b\u00e9n\u00e9vole pendant de nombreuses ann\u00e9es et dans diff\u00e9rents r\u00f4les : membre du comit\u00e9 directeur et pr\u00e9sidente par int\u00e9rim.<\/p>\n\n<p>Ax\u00e9e sur l\u2019acc\u00e8s \u00e0 l\u2019\u00e9galit\u00e9 de traitement pour tous, l\u2019\u00e9ducation des jeunes et le renforcement des capacit\u00e9s des NMO, Olivia a \u00e9t\u00e9 \u00e9lue au comit\u00e9 directeur de l\u2019EHC de 2013 \u00e0 2020 et est la conseill\u00e8re jeunesse de l\u2019EHC depuis sa cr\u00e9ation. Elle a \u00e9t\u00e9 coopt\u00e9e pour rejoindre \u00e0 nouveau le comit\u00e9 directeur de l\u2019EHC en janvier 2023. En juillet 2023, le comit\u00e9 directeur de l\u2019EHC a nomm\u00e9 \u00e0 l\u2019unanimit\u00e9 Olivia Romero Lux pour assumer le r\u00f4le de pr\u00e9sidente int\u00e9rimaire jusqu\u2019\u00e0 la fin du mandat en octobre 2023, apr\u00e8s la d\u00e9mission de Declan Noone.  <\/p>\n\n<p>Forte d\u2019un parcours \u00e9prouv\u00e9 de d\u00e9vouement et d\u2019exp\u00e9rience, Olivia apporte une grande expertise et un leadership \u00e0 notre organisation. Son engagement envers la vision actuelle et les objectifs strat\u00e9giques ainsi que son approche innovante et \u00e9quilibr\u00e9e face aux d\u00e9fis guideront l\u2019EHC \u00e0 travers notre prochaine phase de croissance et de d\u00e9veloppement. <\/p>\n                                            <\/div>\n                                                                            <\/div>\n                                <\/div>\n                            <\/div>\n                        <\/div>\n                    <\/div>\n                                                                                                <div data-scroll data-fade-up>\n                        <div class=\"member-card h-[47rem] lg:h-[44rem] radius-20 cursor-pointer popup-action\">\n                            <figure class=\"bg radius-20\">\n                                <div class=\"overlay-bg\"><\/div>\n                                <img width=\"683\" height=\"1024\" src=\"https:\/\/etngbd86n6b.exactdn.com\/wp-content\/uploads\/2024\/10\/Stefan-Radovanovic-1-1-683x1024.jpg?strip=all&amp;sharp=1\" class=\"attachment-large size-large wp-post-image\" alt=\"\" decoding=\"async\" loading=\"lazy\" srcset=\"https:\/\/etngbd86n6b.exactdn.com\/wp-content\/uploads\/2024\/10\/Stefan-Radovanovic-1-1-683x1024.jpg?strip=all&amp;sharp=1 683w, https:\/\/etngbd86n6b.exactdn.com\/wp-content\/uploads\/2024\/10\/Stefan-Radovanovic-1-1-200x300.jpg?strip=all&amp;sharp=1 200w, https:\/\/etngbd86n6b.exactdn.com\/wp-content\/uploads\/2024\/10\/Stefan-Radovanovic-1-1-768x1152.jpg?strip=all&amp;sharp=1 768w, https:\/\/etngbd86n6b.exactdn.com\/wp-content\/uploads\/2024\/10\/Stefan-Radovanovic-1-1-1024x1536.jpg?strip=all&amp;sharp=1 1024w, https:\/\/etngbd86n6b.exactdn.com\/wp-content\/uploads\/2024\/10\/Stefan-Radovanovic-1-1.jpg?strip=all&amp;sharp=1 1067w, https:\/\/etngbd86n6b.exactdn.com\/wp-content\/uploads\/2024\/10\/Stefan-Radovanovic-1-1.jpg?strip=all&amp;sharp=1&amp;w=426 426w, https:\/\/etngbd86n6b.exactdn.com\/wp-content\/uploads\/2024\/10\/Stefan-Radovanovic-1-1.jpg?strip=all&amp;sharp=1&amp;w=853 853w\" sizes=\"auto, (max-width: 683px) 100vw, 683px\" \/>                            <\/figure>\n                            <div class=\"flex flex-col justify-end h-full p-5 radius-20 overflow-hidden\">\n                                <div class=\"top\">\n                                    <div class=\"absolute top-5 right-5 transition\">\n                                        <div class=\"btn btn-red !size-[4rem] small only-icon\">\n                                            <span>\n                                                <svg decoding=\"async\">\n                                                    <use xlink:href=\"#i-arrow-right\"><\/use>\n                                                <\/svg>\n                                            <\/span>\n                                        <\/div>\n                                    <\/div>\n                                <\/div>\n                                <div class=\"caption w-full bg-white text-center p-8 radius-20 z-10\">\n                                    <div class=\"title h6 !font-medium\">\n                                        <p>Stefan Radovanovic<\/p>\n                                    <\/div>\n                                                                                                                <div class=\"position lg:text-[16px] text-blue mt-4 opacity-90\">\n                                            <p>Engagement des patients et leadership communautaire<\/p>\n                                        <\/div>\n                                                                    <\/div>\n                            <\/div>\n                            <div class=\"pop-up-content-info hidden\">\n                                <div class=\"row justify-between gap-14 lg:gap-0\">\n                                                                            <div class=\"w-full lg:w-5\/12\">\n                                            <div class=\"relative w-full max-w-[250px] lg:max-w-full h-[40rem] lg:h-[55rem] min-h-full mx-auto radius-20\">\n                                                <figure class=\"bg radius-20\">\n                                                    <img width=\"683\" height=\"1024\" src=\"https:\/\/etngbd86n6b.exactdn.com\/wp-content\/uploads\/2024\/10\/Stefan-Radovanovic-1-1-683x1024.jpg?strip=all&amp;sharp=1\" class=\"attachment-large size-large wp-post-image\" alt=\"\" decoding=\"async\" loading=\"lazy\" srcset=\"https:\/\/etngbd86n6b.exactdn.com\/wp-content\/uploads\/2024\/10\/Stefan-Radovanovic-1-1-683x1024.jpg?strip=all&amp;sharp=1 683w, https:\/\/etngbd86n6b.exactdn.com\/wp-content\/uploads\/2024\/10\/Stefan-Radovanovic-1-1-200x300.jpg?strip=all&amp;sharp=1 200w, https:\/\/etngbd86n6b.exactdn.com\/wp-content\/uploads\/2024\/10\/Stefan-Radovanovic-1-1-768x1152.jpg?strip=all&amp;sharp=1 768w, https:\/\/etngbd86n6b.exactdn.com\/wp-content\/uploads\/2024\/10\/Stefan-Radovanovic-1-1-1024x1536.jpg?strip=all&amp;sharp=1 1024w, https:\/\/etngbd86n6b.exactdn.com\/wp-content\/uploads\/2024\/10\/Stefan-Radovanovic-1-1.jpg?strip=all&amp;sharp=1 1067w, https:\/\/etngbd86n6b.exactdn.com\/wp-content\/uploads\/2024\/10\/Stefan-Radovanovic-1-1.jpg?strip=all&amp;sharp=1&amp;w=426 426w, https:\/\/etngbd86n6b.exactdn.com\/wp-content\/uploads\/2024\/10\/Stefan-Radovanovic-1-1.jpg?strip=all&amp;sharp=1&amp;w=853 853w\" sizes=\"auto, (max-width: 683px) 100vw, 683px\" \/>                                                <\/figure>\n                                            <\/div>\n                                        <\/div>\n                                                                        <div class=\"w-full lg:w-7\/12 lg:py-20 lg:pl-20 lg:self-center\">\n                                        <div class=\"title h5\">\n                                            <p>Stefan Radovanovic<\/p>\n                                        <\/div>\n                                                                                    <div class=\"details flex flex-col flex-wrap items-baseline mt-8\">\n                                                                                                                                                    <div class=\"flex gap-5\">\n                                                        <svg xmlns=\"http:\/\/www.w3.org\/2000\/svg\" viewBox=\"0 0 512 512\"><path d=\"M96 128a128 128 0 1 0 256 0A128 128 0 1 0 96 128zm94.5 200.2l18.6 31L175.8 483.1l-36-146.9c-2-8.1-9.8-13.4-17.9-11.3C51.9 342.4 0 405.8 0 481.3c0 17 13.8 30.7 30.7 30.7l131.7 0c0 0 0 0 .1 0l5.5 0 112 0 5.5 0c0 0 0 0 .1 0l131.7 0c17 0 30.7-13.8 30.7-30.7c0-75.5-51.9-138.9-121.9-156.4c-8.1-2-15.9 3.3-17.9 11.3l-36 146.9L238.9 359.2l18.6-31c6.4-10.7-1.3-24.2-13.7-24.2L224 304l-19.7 0c-12.4 0-20.1 13.6-13.7 24.2z\"\/><\/svg>\n                                                        Engagement des patients et leadership communautaire                                                    <\/div>\n                                                                                                                                                    <div class=\"flex gap-5 items-end\">\n                                                        <svg xmlns=\"http:\/\/www.w3.org\/2000\/svg\" viewBox=\"0 0 512 512\"><path d=\"M48 64C21.5 64 0 85.5 0 112c0 15.1 7.1 29.3 19.2 38.4L236.8 313.6c11.4 8.5 27 8.5 38.4 0L492.8 150.4c12.1-9.1 19.2-23.3 19.2-38.4c0-26.5-21.5-48-48-48L48 64zM0 176L0 384c0 35.3 28.7 64 64 64l384 0c35.3 0 64-28.7 64-64l0-208L294.4 339.2c-22.8 17.1-54 17.1-76.8 0L0 176z\"\/><\/svg>\n                                                        <a href=\"mailto:stefan.radovanovic@ehc.eu\">stefan.radovanovic@ehc.eu<\/a>\n                                                    <\/div>\n                                                                                            <\/div>\n                                                                                                                            <div class=\"content text-[14px] mt-8 lg:max-w-[90%]\">\n                                                \n<p>Stefan a rejoint l\u2019\u00e9quipe de l\u2019EHC en d\u00e9cembre 2024 en tant que responsable de l\u2019engagement des patients et de la communaut\u00e9, apr\u00e8s avoir \u00e9t\u00e9 b\u00e9n\u00e9vole dans des organisations de patients atteints de troubles de la coagulation en Serbie et \u00e0 l\u2019international pendant de nombreuses ann\u00e9es. Il souffre d\u2019h\u00e9mophilie s\u00e9v\u00e8re A et est titulaire d\u2019une licence en droit.   <\/p>\n\n<p>Sa plus grande passion est la d\u00e9fense des patients, et il a \u00e9t\u00e9 particuli\u00e8rement passionn\u00e9 par l\u2019am\u00e9lioration de l\u2019engagement des jeunes au sein de la communaut\u00e9 des troubles de la coagulation. Ainsi, Stefan a \u00e9t\u00e9 pr\u00e9sident du Comit\u00e9 de la jeunesse de la Soci\u00e9t\u00e9 serbe d\u2019h\u00e9mophilie et membre du Comit\u00e9 de la jeunesse de l\u2019EHC entre 2018 et 2024. <\/p>\n\n<p>En 2020, il a \u00e9galement \u00e9t\u00e9 coopt\u00e9 comme membre du comit\u00e9 directeur de l\u2019EHC, poste qu\u2019il a occup\u00e9 jusqu\u2019aux nouvelles \u00e9lections d\u2019octobre 2024. Stefan s\u2019efforce de continuer \u00e0 am\u00e9liorer la vie des personnes touch\u00e9es par les troubles h\u00e9morragiques gr\u00e2ce \u00e0 la coop\u00e9ration avec l\u2019ensemble de la communaut\u00e9. <\/p>\n\n<p><strong>Les principales responsabilit\u00e9s de Stefan \u00e0 l\u2019EHC incluent la supervision du R\u00e9seau europ\u00e9en des Esp\u00e8ces Rares et Inhibiteurs (ERIN) et du Comit\u00e9 de la Jeunesse, ainsi que la gestion des activit\u00e9s et \u00e9v\u00e9nements cl\u00e9s, tels que la Conf\u00e9rence de Leadership de l\u2019EHC, l\u2019Atelier de Leadership Jeunesse, l\u2019\u00c9v\u00e9nement des Anciens Jeunes et le Sommet ERRAN. Il est \u00e9galement responsable du programme de bourses pour les jeunes et sert de liaison pour certains NMO s\u00e9lectionn\u00e9s. <\/strong><\/p>\n                                            <\/div>\n                                                                            <\/div>\n                                <\/div>\n                            <\/div>\n                        <\/div>\n                    <\/div>\n                                    <\/div>\n    <\/div>\n<\/section>\n","protected":false},"excerpt":{"rendered":"","protected":false},"author":4,"featured_media":0,"parent":3584,"menu_order":0,"comment_status":"closed","ping_status":"closed","template":"","meta":{"_acf_changed":false,"footnotes":""},"class_list":["post-5859","page","type-page","status-publish","hentry"],"acf":[],"jetpack_sharing_enabled":true,"_links":{"self":[{"href":"https:\/\/www.ehc.eu\/fr\/wp-json\/wp\/v2\/pages\/5859","targetHints":{"allow":["GET"]}}],"collection":[{"href":"https:\/\/www.ehc.eu\/fr\/wp-json\/wp\/v2\/pages"}],"about":[{"href":"https:\/\/www.ehc.eu\/fr\/wp-json\/wp\/v2\/types\/page"}],"author":[{"embeddable":true,"href":"https:\/\/www.ehc.eu\/fr\/wp-json\/wp\/v2\/users\/4"}],"replies":[{"embeddable":true,"href":"https:\/\/www.ehc.eu\/fr\/wp-json\/wp\/v2\/comments?post=5859"}],"version-history":[{"count":1,"href":"https:\/\/www.ehc.eu\/fr\/wp-json\/wp\/v2\/pages\/5859\/revisions"}],"predecessor-version":[{"id":5862,"href":"https:\/\/www.ehc.eu\/fr\/wp-json\/wp\/v2\/pages\/5859\/revisions\/5862"}],"up":[{"embeddable":true,"href":"https:\/\/www.ehc.eu\/fr\/wp-json\/wp\/v2\/pages\/3584"}],"wp:attachment":[{"href":"https:\/\/www.ehc.eu\/fr\/wp-json\/wp\/v2\/media?parent=5859"}],"curies":[{"name":"wp","href":"https:\/\/api.w.org\/{rel}","templated":true}]}}