{"id":6244,"date":"2024-10-23T13:15:30","date_gmt":"2024-10-23T11:15:30","guid":{"rendered":"https:\/\/www.ehc.eu\/gouvernance\/groupe-consultatif-medical-gmc\/"},"modified":"2026-04-02T16:32:40","modified_gmt":"2026-04-02T14:32:40","slug":"groupe-consultatif-medical-gmc","status":"publish","type":"page","link":"https:\/\/www.ehc.eu\/fr\/gouvernance\/groupe-consultatif-medical-gmc\/","title":{"rendered":"Groupe consultatif m\u00e9dical (GMC)"},"content":{"rendered":"<!-- hero -->\t<section   class=\"subpage-hero bg-white\">\n\t\t<div class=\"container\">\n\t\t\t<div class=\"relative z-10\">\n\t\t\t\t<div class=\"pt-16 lg:pt-24 pb-24 lg:pb-32\">\n\t\t\t\t\t<div class=\"row justify-between gap-10 lg:gap-0 mt-10 text-center lg:text-left\">\n\t\t\t\t\t\t<div class=\"w-full lg:w-6\/12 lg:self-center\">\n\t\t\t\t\t\t\t\t\t\t\t\t\t\t\t<div class=\"title h2\" data-scroll data-fade-up>\n\t\t\t\t\t\t\t\t\t<p class=\"text-[115%]\">Groupe consultatif m\u00e9dical (GMC)<\/p>\n\t\t\t\t\t\t\t\t<\/div>\n\t\t\t\t\t\t\t\t\t\t\t\t\t\t\t\t\t\t\t\t\t\t<div class=\"content mt-14 lg:mt-20\" data-scroll data-fade-up data-delay-02>\n\t\t\t\t\t\t\t\t\t<p>Cr\u00e9\u00e9 en 2009, l\u2019EHC MAG est compos\u00e9 d\u2019experts m\u00e9dicaux et scientifiques cl\u00e9s en h\u00e9mophilie et autres troubles h\u00e9morragiques rares. Ils fournissent des contributions m\u00e9dicales et scientifiques de haut niveau, un soutien, des conseils d\u2019orientation et des conseils strat\u00e9giques au comit\u00e9 directeur et au personnel de l\u2019EHC.   <\/p>\n<p>Le MAG apporte \u00e9galement son avis sur le programme scientifique de la Conf\u00e9rence annuelle de l\u2019EHC ainsi que sur les programmes d\u2019autres \u00e9v\u00e9nements de l\u2019EHC, y compris ses tables rondes des parties prenantes.<\/p>\n\t\t\t\t\t\t\t\t<\/div>\n\t\t\t\t\t\t\t\t\t\t\t\t\t<\/div>\n\t\t\t\t\t\t\t\t\t\t\t<\/div>\n\t\t\t\t<\/div>\n\t\t\t<\/div>\n\t\t<\/div>\n\t\t\t\t\t\t\t\t\t<figure class=\"absolute size-[41.8rem] lg:size-[82.8rem] bottom-[-10%] right-[-10rem] lg:right-[-5%] image-contain opacity-100 skip-lazy\" data-parallax>\n\t\t\t\t\t<img decoding=\"async\" loading=\"eager\" src=\"https:\/\/etngbd86n6b.exactdn.com\/wp-content\/themes\/cbd\/img\/content-logo-colorfull-2.svg\" alt=\"content-logo-colorfull\">\n\t\t\t\t<\/figure>\n\t\t\t\t\t\t<\/section>\n<!-- team --><section   class=\"s-team s-padding bg-white\">\n    <div class=\"container\">\n        <div class=\"w-full grid sm:grid-cols-2 lg:grid-cols-4 gap-x-10 gap-y-10 sm:gap-y-20 text-center sm:text-left\">\n                            <div data-scroll data-fade-up>\n                    <div class=\"simple-card !bg-red text-white radius-30 no-bg-img\">\n                        <div class=\"title h4\">\n                            <p>Le MAG est compos\u00e9 de :<\/p>\n                        <\/div>\n                    <\/div>\n                <\/div>\n                                        <div class=\"w-full s-padding text-center\">\n                    <div class=\"title h4\">\n                        <p>Members not found<\/p>\n                    <\/div>\n                <\/div>\n                    <\/div>\n    <\/div>\n<\/section>\n","protected":false},"excerpt":{"rendered":"","protected":false},"author":1,"featured_media":0,"parent":3584,"menu_order":0,"comment_status":"closed","ping_status":"closed","template":"","meta":{"_acf_changed":false,"footnotes":""},"class_list":["post-6244","page","type-page","status-publish","hentry"],"acf":[],"jetpack_sharing_enabled":true,"_links":{"self":[{"href":"https:\/\/www.ehc.eu\/fr\/wp-json\/wp\/v2\/pages\/6244","targetHints":{"allow":["GET"]}}],"collection":[{"href":"https:\/\/www.ehc.eu\/fr\/wp-json\/wp\/v2\/pages"}],"about":[{"href":"https:\/\/www.ehc.eu\/fr\/wp-json\/wp\/v2\/types\/page"}],"author":[{"embeddable":true,"href":"https:\/\/www.ehc.eu\/fr\/wp-json\/wp\/v2\/users\/1"}],"replies":[{"embeddable":true,"href":"https:\/\/www.ehc.eu\/fr\/wp-json\/wp\/v2\/comments?post=6244"}],"version-history":[{"count":1,"href":"https:\/\/www.ehc.eu\/fr\/wp-json\/wp\/v2\/pages\/6244\/revisions"}],"predecessor-version":[{"id":6246,"href":"https:\/\/www.ehc.eu\/fr\/wp-json\/wp\/v2\/pages\/6244\/revisions\/6246"}],"up":[{"embeddable":true,"href":"https:\/\/www.ehc.eu\/fr\/wp-json\/wp\/v2\/pages\/3584"}],"wp:attachment":[{"href":"https:\/\/www.ehc.eu\/fr\/wp-json\/wp\/v2\/media?parent=6244"}],"curies":[{"name":"wp","href":"https:\/\/api.w.org\/{rel}","templated":true}]}}