{"id":6257,"date":"2024-10-24T09:03:28","date_gmt":"2024-10-24T07:03:28","guid":{"rendered":"https:\/\/www.ehc.eu\/programme-de-sante-organisationnelle-de-lehc-nmo\/"},"modified":"2026-04-02T16:32:40","modified_gmt":"2026-04-02T14:32:40","slug":"programme-de-sante-organisationnelle-de-lehc-nmo","status":"publish","type":"page","link":"https:\/\/www.ehc.eu\/fr\/programme-de-sante-organisationnelle-de-lehc-nmo\/","title":{"rendered":"Programme de sant\u00e9 organisationnelle de l\u2019EHC NMO"},"content":{"rendered":"<!-- hero -->\t<section   class=\"subpage-hero bg-red text-white\">\n\t\t<div class=\"container\">\n\t\t\t<div class=\"relative z-10\">\n\t\t\t\t<div class=\"pt-16 lg:pt-24 pb-24 lg:pb-32\">\n\t\t\t\t\t<div class=\"row justify-between gap-10 lg:gap-0 mt-10 text-center lg:text-left\">\n\t\t\t\t\t\t<div class=\"w-full lg:w-6\/12 lg:self-center\">\n\t\t\t\t\t\t\t\t\t\t\t\t\t\t\t<div class=\"title h2\" data-scroll data-fade-up>\n\t\t\t\t\t\t\t\t\t<p class=\"text-[115%]\">Programme de sant\u00e9 organisationnelle de l\u2019EHC NMO<\/p>\n\t\t\t\t\t\t\t\t<\/div>\n\t\t\t\t\t\t\t\t\t\t\t\t\t\t\t\t\t\t\t\t\t\t<div class=\"content mt-14 lg:mt-20\" data-scroll data-fade-up data-delay-02>\n\t\t\t\t\t\t\t\t\t<p>Le Programme de Sant\u00e9 Organisationnelle (OHP) est un programme approuv\u00e9 par les NMO de l\u2019EHC et int\u00e9gr\u00e9 dans le travail de l\u2019EHC comme une opportunit\u00e9 de r\u00e9flexion et de croissance pour les NMO.<\/p>\n\t\t\t\t\t\t\t\t<\/div>\n\t\t\t\t\t\t\t\t\t\t\t\t\t<\/div>\n\t\t\t\t\t\t\t\t\t\t\t<\/div>\n\t\t\t\t<\/div>\n\t\t\t<\/div>\n\t\t<\/div>\n\t\t\t\t\t\t\t\t\t<figure class=\"absolute size-[82.8rem] bottom-[-30%] right-[-5%] image-contain opacity-20 skip-lazy\" data-parallax>\n\t                <img decoding=\"async\" loading=\"eager\" src=\"https:\/\/etngbd86n6b.exactdn.com\/wp-content\/themes\/cbd\/img\/content-logo-colorfull.svg\" alt=\"content-logo-colorfull\">\n\t            <\/figure>\n\t\t\t\t\t\t<\/section>\n<!-- overview -->\t<section   class=\"s-overlay-img s-padding\">\n\t\t<div class=\"container\">\n\t\t\t<div class=\"row w-full lg:flex-row-reverse justify-between text-center lg:text-left relative z-10\">\n\t\t\t\t\t\t\t\t\t<div class=\"w-full lg:w-6\/12 min-h-full\">\n\t\t\t\t\t\t<div class=\"w-full h-[35rem] lg:h-[25vmax] min-h-full relative overflow-hidden radius-20\">\n\t\t\t\t\t\t\t<figure class=\"absolute top-0 left-0 size-full radius-20\" data-img-animation>\n\t\t\t\t\t\t\t\t<img width=\"940\" height=\"788\" src=\"https:\/\/etngbd86n6b.exactdn.com\/wp-content\/uploads\/2024\/11\/OHP.jpg?strip=all&amp;sharp=1\" class=\"attachment-large size-large\" alt=\"\" decoding=\"async\" loading=\"lazy\" srcset=\"https:\/\/etngbd86n6b.exactdn.com\/wp-content\/uploads\/2024\/11\/OHP.jpg?strip=all&amp;sharp=1 940w, https:\/\/etngbd86n6b.exactdn.com\/wp-content\/uploads\/2024\/11\/OHP-300x251.jpg?strip=all&amp;sharp=1 300w, https:\/\/etngbd86n6b.exactdn.com\/wp-content\/uploads\/2024\/11\/OHP-768x644.jpg?strip=all&amp;sharp=1 768w, https:\/\/etngbd86n6b.exactdn.com\/wp-content\/uploads\/2024\/11\/OHP.jpg?strip=all&amp;sharp=1&amp;w=188 188w, https:\/\/etngbd86n6b.exactdn.com\/wp-content\/uploads\/2024\/11\/OHP.jpg?strip=all&amp;sharp=1&amp;w=376 376w, https:\/\/etngbd86n6b.exactdn.com\/wp-content\/uploads\/2024\/11\/OHP.jpg?strip=all&amp;sharp=1&amp;w=564 564w, https:\/\/etngbd86n6b.exactdn.com\/wp-content\/uploads\/2024\/11\/OHP.jpg?strip=all&amp;sharp=1&amp;w=450 450w\" sizes=\"auto, (max-width: 940px) 100vw, 940px\" \/>\t\t\t\t\t\t\t<\/figure>\n\t\t\t\t\t\t<\/div>\n\t\t\t\t\t<\/div>\n\t\t\t\t\t\t\t\t<div class=\"w-full lg:w-6\/12 lg:py-10\">\n\t\t\t\t\t<div class=\"lg:w-[120%] bg-white py-12 px-0 lg:py-24 lg:px-24 relative radius-20 z-10\">\n\t\t\t\t\t\t\t\t\t\t\t\t\t\t\t\t\t\t\t\t\t\t\t\t\t<div class=\"content mt-8\" data-scroll data-fade-up>\n\t\t\t\t\t\t\t\t<p><span style=\"font-weight: 400;\">Con\u00e7u comme un outil pour les NMO et le EHC lui-m\u00eame afin de remplir les exigences l\u00e9gales (article 6.1.) adopt\u00e9es en 2024, ainsi que pour soutenir une \u00e9valuation, une croissance et une am\u00e9lioration continues des NMO \u2013 et de l\u2019EHC \u2013 qui sont tous des processus essentiels d\u2019une organisation saine, le OHP est une partie organique de la tapisserie et de l\u2019interaction de l\u2019EHC avec ses NMO.  <\/span><\/p>\n<p><span style=\"font-weight: 400;\">Pour la communaut\u00e9 EHC, cela signifie soutenir ses NMO pour qu\u2019ils soient comp\u00e9tents, durables, ind\u00e9pendants, proactifs et inclusifs envers tous les troubles h\u00e9morragiques cong\u00e9nitals. L\u2019EHC soutiendra les NMO dans la promotion des meilleures pratiques telles que des structures d\u00e9mocratiques et inclusives, des transparents financiers et des relations durables et formelles avec les parties prenantes. <\/span><\/p>\n\t\t\t\t\t\t\t<\/div>\n\t\t\t\t\t\t\t\t\t\t\t\t\t\t\t\t\t<\/div>\n\t\t\t\t<\/div>\n\t\t\t<\/div>\n\t\t<\/div>\n\t<\/section>\n","protected":false},"excerpt":{"rendered":"","protected":false},"author":1,"featured_media":0,"parent":0,"menu_order":0,"comment_status":"closed","ping_status":"closed","template":"","meta":{"_acf_changed":false,"footnotes":""},"class_list":["post-6257","page","type-page","status-publish","hentry"],"acf":[],"jetpack_sharing_enabled":true,"_links":{"self":[{"href":"https:\/\/www.ehc.eu\/fr\/wp-json\/wp\/v2\/pages\/6257","targetHints":{"allow":["GET"]}}],"collection":[{"href":"https:\/\/www.ehc.eu\/fr\/wp-json\/wp\/v2\/pages"}],"about":[{"href":"https:\/\/www.ehc.eu\/fr\/wp-json\/wp\/v2\/types\/page"}],"author":[{"embeddable":true,"href":"https:\/\/www.ehc.eu\/fr\/wp-json\/wp\/v2\/users\/1"}],"replies":[{"embeddable":true,"href":"https:\/\/www.ehc.eu\/fr\/wp-json\/wp\/v2\/comments?post=6257"}],"version-history":[{"count":1,"href":"https:\/\/www.ehc.eu\/fr\/wp-json\/wp\/v2\/pages\/6257\/revisions"}],"predecessor-version":[{"id":6259,"href":"https:\/\/www.ehc.eu\/fr\/wp-json\/wp\/v2\/pages\/6257\/revisions\/6259"}],"wp:attachment":[{"href":"https:\/\/www.ehc.eu\/fr\/wp-json\/wp\/v2\/media?parent=6257"}],"curies":[{"name":"wp","href":"https:\/\/api.w.org\/{rel}","templated":true}]}}