{"id":5745,"date":"2024-10-07T08:03:20","date_gmt":"2024-10-07T06:03:20","guid":{"rendered":"https:\/\/www.ehc.eu\/dogadaji\/"},"modified":"2026-04-02T16:29:52","modified_gmt":"2026-04-02T14:29:52","slug":"dogadaji","status":"publish","type":"page","link":"https:\/\/www.ehc.eu\/hr\/dogadaji\/","title":{"rendered":"Doga\u0111aji"},"content":{"rendered":"<!-- hero -->\t<section   class=\"subpage-hero bg-red text-white\">\n\t\t<div class=\"container\">\n\t\t\t<div class=\"relative z-10\">\n\t\t\t\t<div class=\"pt-16 lg:pt-24 pb-24 lg:pb-32\">\n\t\t\t\t\t<div class=\"row justify-between gap-10 lg:gap-0 mt-10 text-center lg:text-left\">\n\t\t\t\t\t\t<div class=\"w-full lg:w-6\/12 lg:self-center\">\n\t\t\t\t\t\t\t\t\t\t\t\t\t\t\t<div class=\"title h2\" data-scroll data-fade-up>\n\t\t\t\t\t\t\t\t\t<p class=\"text-[115%]\">Na\u0161i glavni doga\u0111aji<\/p>\n\t\t\t\t\t\t\t\t<\/div>\n\t\t\t\t\t\t\t\t\t\t\t\t\t\t\t\t\t\t\t\t\t\t<div class=\"content mt-14 lg:mt-20\" data-scroll data-fade-up data-delay-02>\n\t\t\t\t\t\t\t\t\t<p>EHC organizira mnoge razli\u010dite vrste doga\u0111anja u Bruxellesu i \u0161ire za svoju zajednicu i razli\u010dite dionike radi razmjene znanja i najboljih praksi, predstavljanja revolucionarnih istra\u017eivanja i otkrivanja novih prilika za umre\u017eavanje. Svake godine EHC organizira <strong>\u010detiri glavna doga\u0111aja u\u017eivo<\/strong>: Godi\u0161nju konferenciju, Konferenciju o vodstvu, Radionicu o vodstvu mladih i Konferenciju o novim tehnologijama. <\/p>\n<p>Za <strong>pronala\u017eenje doga\u0111anja usmjerenih na specifi\u010dna podru\u010dja na\u0161eg rada<\/strong> \u2013 uklju\u010duju\u0107i VWD, Europsku mre\u017eu za rijetke i inhibitore (ERIN), \u017eene i poreme\u0107aje krvarenja (WBD), mentalno zdravlje, #ThisWay i jo\u0161 mnogo toga \u2013 <strong>posjetite web stranicu EHC zajednice<\/strong>.<\/p>\n\t\t\t\t\t\t\t\t<\/div>\n\t\t\t\t\t\t\t\t\t\t\t\t\t<\/div>\n\t\t\t\t\t\t\t\t\t\t\t\t\t<div class=\"w-full lg:w-4\/12 mt-14 lg:mt-0 lg:self-center\" data-scroll data-fade-left>\n                                <div class=\"relative w-full lg:w-[40vw] px-10 lg:px-20 py-14 lg:py-28 text-white bg-blue-lightSemi radius-20\">\n                                \t\t                                    <div class=\"title h5 relative z-10\">\n\t                                        <p>Otkrijte na\u0161e doga\u0111aje u zajednici<\/p>\n\t                                    <\/div>\n\t                                \t                                \t                                    <div class=\"flex justify-center lg:justify-start items-center gap-5 flex-wrap mt-14 relative z-10\">\n\t                                    \t\t                                    \t\t<div class=\"button\">\n\t                                    \t\t\t<a href=\"https:\/\/community.ehc.eu\/events\/\" target=\"_blank\" class=\"btn btn-blue-extraLight with-icon\">\n\t                                    \t\t\t\t<span>Explore<\/span>\n\t                                    \t\t\t<\/a>\n\t                                    \t\t<\/div>\n\t                                    \t\t                                    <\/div>\n                                                                        <figure class=\"absolute size-[30rem] bottom-[-10%] right-[-5%] image-contain opacity-20\" data-parallax>\n                                        <img decoding=\"async\" loading=\"lazy\" src=\"https:\/\/etngbd86n6b.exactdn.com\/wp-content\/themes\/cbd\/img\/content-logo-colorfull.svg\" alt=\"content-logo-colorfull\">\n                                    <\/figure>\n                                <\/div>\n                            <\/div>\n\t\t\t\t\t\t\t\t\t\t\t<\/div>\n\t\t\t\t<\/div>\n\t\t\t<\/div>\n\t\t<\/div>\n\t\t\t\t\t\t\t\t\t<figure class=\"absolute size-[82.8rem] bottom-[-30%] right-[-5%] image-contain opacity-20 skip-lazy\" data-parallax>\n\t                <img decoding=\"async\" loading=\"eager\" src=\"https:\/\/etngbd86n6b.exactdn.com\/wp-content\/themes\/cbd\/img\/content-logo-colorfull.svg\" alt=\"content-logo-colorfull\">\n\t            <\/figure>\n\t\t\t\t\t\t<\/section>\n<!-- featured-events -->    <section id=\"mainevents\"  class=\"s-padding-medium featured-events\">\n\t\t<div class=\"container\">\n\t\t\t\t\t\t\t\t\t\t\t\t\t\t\t\t<a href=\"https:\/\/www.ehc.eu\/event\/leadership-conference-2026\/\" class=\"row w-full relative p-10 lg:p-14 justify-between text-center lg:text-left text-white bg-blue radius-20 mx-auto\">\n\t\t\t\t\t\t\t\t\t\t\t\t\t<div class=\"w-full lg:w-5\/12\">\n\t\t\t\t\t\t\t\t<figure class=\"size-full relative h-[25rem] lg:h-[35rem] min-h-full rounded-[10px] overflow-hidden\" data-parallax>\n\t\t\t\t\t\t\t\t\t<img width=\"940\" height=\"788\" src=\"https:\/\/etngbd86n6b.exactdn.com\/wp-content\/uploads\/2025\/11\/LC-2026-Blog-Banner.jpg?strip=all&amp;sharp=1\" class=\"attachment-large size-large wp-post-image\" alt=\"\" decoding=\"async\" loading=\"lazy\" srcset=\"https:\/\/etngbd86n6b.exactdn.com\/wp-content\/uploads\/2025\/11\/LC-2026-Blog-Banner.jpg?strip=all&amp;sharp=1 940w, https:\/\/etngbd86n6b.exactdn.com\/wp-content\/uploads\/2025\/11\/LC-2026-Blog-Banner-300x251.jpg?strip=all&amp;sharp=1 300w, https:\/\/etngbd86n6b.exactdn.com\/wp-content\/uploads\/2025\/11\/LC-2026-Blog-Banner-768x644.jpg?strip=all&amp;sharp=1 768w, https:\/\/etngbd86n6b.exactdn.com\/wp-content\/uploads\/2025\/11\/LC-2026-Blog-Banner.jpg?strip=all&amp;sharp=1&amp;w=188 188w, https:\/\/etngbd86n6b.exactdn.com\/wp-content\/uploads\/2025\/11\/LC-2026-Blog-Banner.jpg?strip=all&amp;sharp=1&amp;w=376 376w, https:\/\/etngbd86n6b.exactdn.com\/wp-content\/uploads\/2025\/11\/LC-2026-Blog-Banner.jpg?strip=all&amp;sharp=1&amp;w=564 564w, https:\/\/etngbd86n6b.exactdn.com\/wp-content\/uploads\/2025\/11\/LC-2026-Blog-Banner.jpg?strip=all&amp;sharp=1&amp;w=450 450w\" sizes=\"auto, (max-width: 940px) 100vw, 940px\" \/>\t\t\t\t\t\t\t\t<\/figure>\n\t\t\t\t\t\t\t<\/div>\n\t\t\t\t\t\t\t\t\t\t\t\t<div class=\"w-full lg:w-7\/12 py-12 lg:py-20 lg:pl-20 lg:self-center\">\n\t\t\t\t\t\t\t<div class=\"lg:w-4\/5\">\n\t\t\t\t\t\t\t\t<div class=\"flex justify-center lg:justify-start flex-wrap w-full gap-x-5 gap-y-1 opacity-80\">\n\t\t\t\t\t\t\t\t\t\t\t\t\t\t\t\t\t\t\t<div class=\"details-item\" data-scroll data-fade-up>\n\t\t\t\t\t\t\t\t\t\t\t<p>01 Jan 1970<\/p>\n\t\t\t\t\t\t\t\t\t\t<\/div>\n\t\t\t\t\t\t\t\t\t\t\t\t\t\t\t\t\t\t\t\t\t\t\t\t\t\t\t\t<div class=\"details-item\" data-scroll data-fade-up>\n\t\t\t\t\t\t\t\t\t\t\t<p>Conferences<\/p>\n\t\t\t\t\t\t\t\t\t\t<\/div>\n\t\t\t\t\t\t\t\t\t\t\t\t\t\t\t\t\t<\/div>\n\t\t\t\t\t\t\t\t<div class=\"title h5 mt-8 lg:mt-12\" data-scroll data-fade-up>\n\t\t\t\t\t\t\t\t\t<p>Leadership Conference 2026<\/p>\n\t\t\t\t\t\t\t\t<\/div>\n\t\t\t\t\t\t\t\t\t\t\t\t\t\t\t\t\t<div class=\"content lg:text-[80%] mt-8 lg:mt-12\" data-scroll data-fade-up>\n\t\t\t\t\t\t\t\t\t\t<p>This annual event, dedicated to EHC National Member Organisations, fosters knowledge-sharing, allowing participants to learn from each other\u2019s strengths, experiences, and best practices.<\/p>\n\t\t\t\t\t\t\t\t\t<\/div>\n\t\t\t\t\t\t\t\t\t\t\t\t\t\t\t    <div class=\"bottom mt-12\">\n                    \t\t\t\t<div class=\"btn btn-white with-icon\">\n                    \t\t\t\t\t<span>Find out more<\/span>\n                    \t\t\t\t<\/div>\n                    \t\t\t<\/div>\n\t\t\t\t\t\t\t<\/div>\n\t\t\t\t\t\t<\/div>\n\t\t\t\t\t<\/a>\n\t\t\t\t\t\t\t\t\t\t\t\t\t\t\t\t\t\t\t\t\t\t\t\t\t\t\t\t\t\t\t<div class=\"grid lg:grid-cols-2 gap-12 mt-14 lg:mt-24\">\t\t\t\t\t\t\t\t\t<a href=\"https:\/\/www.ehc.eu\/event\/round-table-on-cardiovascular-issues-in-bleeding-disorders\/\" class=\"row w-full relative p-10 lg:p-14 justify-between text-center lg:text-left text-white bg-red radius-20 mx-auto\">\n\t\t\t\t\t\t\t\t\t\t\t\t\t<div class=\"w-full lg:w-5\/12\">\n\t\t\t\t\t\t\t\t<figure class=\"size-full relative h-[25rem] lg:h-[27rem] min-h-full rounded-[10px] overflow-hidden\" data-parallax>\n\t\t\t\t\t\t\t\t\t<img width=\"512\" height=\"512\" src=\"https:\/\/etngbd86n6b.exactdn.com\/wp-content\/uploads\/2024\/10\/cropped-favicon2.jpg?strip=all&amp;sharp=1\" class=\"attachment-large size-large wp-post-image\" alt=\"\" decoding=\"async\" loading=\"lazy\" srcset=\"https:\/\/etngbd86n6b.exactdn.com\/wp-content\/uploads\/2024\/10\/cropped-favicon2.jpg?strip=all&amp;sharp=1 512w, https:\/\/etngbd86n6b.exactdn.com\/wp-content\/uploads\/2024\/10\/cropped-favicon2-300x300.jpg?strip=all&amp;sharp=1 300w, https:\/\/etngbd86n6b.exactdn.com\/wp-content\/uploads\/2024\/10\/cropped-favicon2-150x150.jpg?strip=all&amp;sharp=1 150w, https:\/\/etngbd86n6b.exactdn.com\/wp-content\/uploads\/2024\/10\/cropped-favicon2-270x270.jpg?strip=all&amp;sharp=1 270w, https:\/\/etngbd86n6b.exactdn.com\/wp-content\/uploads\/2024\/10\/cropped-favicon2-192x192.jpg?strip=all&amp;sharp=1 192w, https:\/\/etngbd86n6b.exactdn.com\/wp-content\/uploads\/2024\/10\/cropped-favicon2-180x180.jpg?strip=all&amp;sharp=1 180w, https:\/\/etngbd86n6b.exactdn.com\/wp-content\/uploads\/2024\/10\/cropped-favicon2-32x32.jpg?strip=all&amp;sharp=1 32w, https:\/\/etngbd86n6b.exactdn.com\/wp-content\/uploads\/2024\/10\/cropped-favicon2.jpg?strip=all&amp;sharp=1&amp;w=409 409w\" sizes=\"auto, (max-width: 512px) 100vw, 512px\" \/>\t\t\t\t\t\t\t\t<\/figure>\n\t\t\t\t\t\t\t<\/div>\n\t\t\t\t\t\t\t\t\t\t\t\t<div class=\"w-full lg:w-7\/12 py-12 lg:py-5 lg:pl-20 lg:self-center\">\n\t\t\t\t\t\t\t<div class=\"lg:w-full\">\n\t\t\t\t\t\t\t\t<div class=\"flex justify-center lg:justify-start flex-wrap w-full gap-x-5 gap-y-1 opacity-80\">\n\t\t\t\t\t\t\t\t\t\t\t\t\t\t\t\t\t\t\t<div class=\"details-item\" data-scroll data-fade-up>\n\t\t\t\t\t\t\t\t\t\t\t<p>01 Jan 1970<\/p>\n\t\t\t\t\t\t\t\t\t\t<\/div>\n\t\t\t\t\t\t\t\t\t\t\t\t\t\t\t\t\t\t\t\t\t\t\t\t\t\t\t\t<div class=\"details-item\" data-scroll data-fade-up>\n\t\t\t\t\t\t\t\t\t\t\t<p>Round Tables<\/p>\n\t\t\t\t\t\t\t\t\t\t<\/div>\n\t\t\t\t\t\t\t\t\t\t\t\t\t\t\t\t\t<\/div>\n\t\t\t\t\t\t\t\t<div class=\"title h5 mt-8 lg:mt-12\" data-scroll data-fade-up>\n\t\t\t\t\t\t\t\t\t<p>Round Table on Cardiovascular Issues in Bleeding Disorders<\/p>\n\t\t\t\t\t\t\t\t<\/div>\n\t\t\t\t\t\t\t\t\t\t\t\t\t\t\t\t<div class=\"bottom mt-12\">\n\t\t\t\t                    <div class=\"btn btn-white with-icon\">\n                    \t\t\t\t\t<span>Find out more<\/span>\n                    \t\t\t\t<\/div>\n                    \t\t\t<\/div>\n\t\t\t\t\t\t\t<\/div>\n\t\t\t\t\t\t<\/div>\n\t\t\t\t\t<\/a>\n\t\t\t\t\t\t\t\t\t\t\t\t\t\t\t\t\t\t\t\t\t\t\t\t\t\t\t\t\t\t\t\t<a href=\"https:\/\/www.ehc.eu\/event\/ehc-conference-2026\/\" class=\"row w-full relative p-10 lg:p-14 justify-between text-center lg:text-left text-white bg-red radius-20 mx-auto\">\n\t\t\t\t\t\t\t\t\t\t\t\t\t<div class=\"w-full lg:w-5\/12\">\n\t\t\t\t\t\t\t\t<figure class=\"size-full relative h-[25rem] lg:h-[27rem] min-h-full rounded-[10px] overflow-hidden\" data-parallax>\n\t\t\t\t\t\t\t\t\t<img width=\"1024\" height=\"576\" src=\"https:\/\/etngbd86n6b.exactdn.com\/wp-content\/uploads\/2025\/11\/Istanbul-2026-Blog-banner-1024x576.jpg?strip=all&amp;sharp=1\" class=\"attachment-large size-large wp-post-image\" alt=\"\" decoding=\"async\" loading=\"lazy\" srcset=\"https:\/\/etngbd86n6b.exactdn.com\/wp-content\/uploads\/2025\/11\/Istanbul-2026-Blog-banner-1024x576.jpg?strip=all&amp;sharp=1 1024w, https:\/\/etngbd86n6b.exactdn.com\/wp-content\/uploads\/2025\/11\/Istanbul-2026-Blog-banner-300x169.jpg?strip=all&amp;sharp=1 300w, https:\/\/etngbd86n6b.exactdn.com\/wp-content\/uploads\/2025\/11\/Istanbul-2026-Blog-banner-768x432.jpg?strip=all&amp;sharp=1 768w, https:\/\/etngbd86n6b.exactdn.com\/wp-content\/uploads\/2025\/11\/Istanbul-2026-Blog-banner-1536x864.jpg?strip=all&amp;sharp=1 1536w, https:\/\/etngbd86n6b.exactdn.com\/wp-content\/uploads\/2025\/11\/Istanbul-2026-Blog-banner.jpg?strip=all&amp;sharp=1 1600w, https:\/\/etngbd86n6b.exactdn.com\/wp-content\/uploads\/2025\/11\/Istanbul-2026-Blog-banner.jpg?strip=all&amp;sharp=1&amp;w=640 640w, https:\/\/etngbd86n6b.exactdn.com\/wp-content\/uploads\/2025\/11\/Istanbul-2026-Blog-banner.jpg?strip=all&amp;sharp=1&amp;w=960 960w, https:\/\/etngbd86n6b.exactdn.com\/wp-content\/uploads\/2025\/11\/Istanbul-2026-Blog-banner.jpg?strip=all&amp;sharp=1&amp;w=1280 1280w, https:\/\/etngbd86n6b.exactdn.com\/wp-content\/uploads\/2025\/11\/Istanbul-2026-Blog-banner.jpg?strip=all&amp;sharp=1&amp;w=450 450w\" sizes=\"auto, (max-width: 1024px) 100vw, 1024px\" \/>\t\t\t\t\t\t\t\t<\/figure>\n\t\t\t\t\t\t\t<\/div>\n\t\t\t\t\t\t\t\t\t\t\t\t<div class=\"w-full lg:w-7\/12 py-12 lg:py-5 lg:pl-20 lg:self-center\">\n\t\t\t\t\t\t\t<div class=\"lg:w-full\">\n\t\t\t\t\t\t\t\t<div class=\"flex justify-center lg:justify-start flex-wrap w-full gap-x-5 gap-y-1 opacity-80\">\n\t\t\t\t\t\t\t\t\t\t\t\t\t\t\t\t\t\t\t<div class=\"details-item\" data-scroll data-fade-up>\n\t\t\t\t\t\t\t\t\t\t\t<p>01 Jan 1970<\/p>\n\t\t\t\t\t\t\t\t\t\t<\/div>\n\t\t\t\t\t\t\t\t\t\t\t\t\t\t\t\t\t\t\t\t\t\t\t\t\t\t\t\t<div class=\"details-item\" data-scroll data-fade-up>\n\t\t\t\t\t\t\t\t\t\t\t<p>Conferences<\/p>\n\t\t\t\t\t\t\t\t\t\t<\/div>\n\t\t\t\t\t\t\t\t\t\t\t\t\t\t\t\t\t<\/div>\n\t\t\t\t\t\t\t\t<div class=\"title h5 mt-8 lg:mt-12\" data-scroll data-fade-up>\n\t\t\t\t\t\t\t\t\t<p>EHC Conference 2026<\/p>\n\t\t\t\t\t\t\t\t<\/div>\n\t\t\t\t\t\t\t\t\t\t\t\t\t\t\t\t\t<div class=\"content lg:text-[80%] mt-8 lg:mt-12\" data-scroll data-fade-up>\n\t\t\t\t\t\t\t\t\t\t<p>Taking place in Istanbul, T\u00fcrkiye, the EHC Annual Conference 2026 is hosted by T\u00fcrkiye Hemofili Derne\u011fi (THD), the Turkish EHC Member Organisation.<\/p>\n\t\t\t\t\t\t\t\t\t<\/div>\n\t\t\t\t\t\t\t\t\t\t\t\t\t\t\t\t<div class=\"bottom mt-12\">\n\t\t\t\t                    <div class=\"btn btn-white with-icon\">\n                    \t\t\t\t\t<span>Find out more<\/span>\n                    \t\t\t\t<\/div>\n                    \t\t\t<\/div>\n\t\t\t\t\t\t\t<\/div>\n\t\t\t\t\t\t<\/div>\n\t\t\t\t\t<\/a>\n\t\t\t\t\t\t\t\t<\/div>\t\t\t\t\t<\/div>\n\t<\/section>\n\t<!-- events --><section   class=\"s-events s-padding-medium sidebar-content\">\n    <div class=\"container\">\n        <div class=\"row w-full justify-between gap-14 lg:gap-0\">\n            <div class=\"w-full lg:w-6\/12 text-center lg:text-left\">\n                                    <div class=\"title h4\" data-scroll data-fade-up>\n                        <p>Kalendar doga\u0111anja<\/p>\n                    <\/div>\n                            <\/div>\n            <div class=\"w-full lg:w-4\/12 row justify-end items-center gap-10 lg:gap-20 lg:flex-nowrap\">\n                <form class=\"w-full js-events-filter\" data-scroll data-fade-up>\n                    <input type=\"hidden\" name=\"featured\" value=\"\">\n                    <div class=\"form-group cursor-pointer\">\n                        <input type=\"search\" class=\"form-control form-control-color search-field !mt-0 !rounded-full\" name=\"search\" placeholder=\"Search by Keyword\">\n                    <\/div>\n                <\/form>\n            <\/div>\n        <\/div>\n        <div class=\"relative w-full mt-12 lg:mt-14 z-10\">\n                        <div class=\"w-full\">\n                <div class=\"events-items w-full mt-10 lg:mt-0 js-events-block\">\n                                            <div class=\"w-full s-padding text-center\">\n    <div class=\"title h4\">\n        <p>Events not found<\/p>\n    <\/div>\n<\/div>                                    <\/div>\n            <\/div>\n        <\/div>\n    <\/div>\n<\/section>\n<!-- newsletter -->","protected":false},"excerpt":{"rendered":"","protected":false},"author":1,"featured_media":0,"parent":0,"menu_order":0,"comment_status":"closed","ping_status":"closed","template":"","meta":{"_acf_changed":false,"footnotes":""},"class_list":["post-5745","page","type-page","status-publish","hentry"],"acf":[],"jetpack_sharing_enabled":true,"_links":{"self":[{"href":"https:\/\/www.ehc.eu\/hr\/wp-json\/wp\/v2\/pages\/5745","targetHints":{"allow":["GET"]}}],"collection":[{"href":"https:\/\/www.ehc.eu\/hr\/wp-json\/wp\/v2\/pages"}],"about":[{"href":"https:\/\/www.ehc.eu\/hr\/wp-json\/wp\/v2\/types\/page"}],"author":[{"embeddable":true,"href":"https:\/\/www.ehc.eu\/hr\/wp-json\/wp\/v2\/users\/1"}],"replies":[{"embeddable":true,"href":"https:\/\/www.ehc.eu\/hr\/wp-json\/wp\/v2\/comments?post=5745"}],"version-history":[{"count":1,"href":"https:\/\/www.ehc.eu\/hr\/wp-json\/wp\/v2\/pages\/5745\/revisions"}],"predecessor-version":[{"id":5748,"href":"https:\/\/www.ehc.eu\/hr\/wp-json\/wp\/v2\/pages\/5745\/revisions\/5748"}],"wp:attachment":[{"href":"https:\/\/www.ehc.eu\/hr\/wp-json\/wp\/v2\/media?parent=5745"}],"curies":[{"name":"wp","href":"https:\/\/api.w.org\/{rel}","templated":true}]}}