{"id":5864,"date":"2026-03-20T13:11:07","date_gmt":"2026-03-20T12:11:07","guid":{"rendered":"https:\/\/www.ehc.eu\/upravljanje\/radna-skupina-za-podatke-i-gdpr\/"},"modified":"2026-04-02T16:30:13","modified_gmt":"2026-04-02T14:30:13","slug":"radna-skupina-za-podatke-i-gdpr","status":"publish","type":"page","link":"https:\/\/www.ehc.eu\/hr\/upravljanje\/radna-skupina-za-podatke-i-gdpr\/","title":{"rendered":"Radna skupina za podatke i GDPR"},"content":{"rendered":"<!-- hero -->\t<section   class=\"subpage-hero bg-white\">\n\t\t<div class=\"container\">\n\t\t\t<div class=\"relative z-10\">\n\t\t\t\t<div class=\"pt-16 lg:pt-24 pb-24 lg:pb-32\">\n\t\t\t\t\t<div class=\"row justify-between gap-10 lg:gap-0 mt-10 text-center lg:text-left\">\n\t\t\t\t\t\t<div class=\"w-full lg:w-6\/12 lg:self-center\">\n\t\t\t\t\t\t\t\t\t\t\t\t\t\t\t<div class=\"title h2\" data-scroll data-fade-up>\n\t\t\t\t\t\t\t\t\t<p class=\"text-[115%]\">Radna skupina za podatke i GDPR<\/p>\n\t\t\t\t\t\t\t\t<\/div>\n\t\t\t\t\t\t\t\t\t\t\t\t\t\t\t\t\t\t\t\t\t\t<div class=\"content mt-14 lg:mt-20\" data-scroll data-fade-up data-delay-02>\n\t\t\t\t\t\t\t\t\t<p>Radna skupina za podatke i GDPR osnovana je 2026. godine kako bi nadzirala i podr\u017eavala aktivnosti prikupljanja podataka EHC-a, osiguravaju\u0107i da se svi podaci prikupljaju, pohranjuju i upravljaju u potpunoj uskla\u0111enosti s Op\u0107om uredbom o za\u0161titi podataka (GDPR) i primjenjivim najboljim praksama u za\u0161titi podataka.<\/p>\n<p>Radna skupina pru\u017ea smjernice i nadzor nad radom organizacije vezanim uz podatke, poma\u017eu\u0107i osigurati po\u0161tivanje prava i privatnosti pojedinaca u svakoj fazi \u017eivotnog ciklusa podataka. Njihov rad doprinosi izgradnji povjerenja, transparentnosti i odgovornosti u na\u010dinu na koji organizacija obra\u0111uje informacije. <\/p>\n\t\t\t\t\t\t\t\t<\/div>\n\t\t\t\t\t\t\t\t\t\t\t\t\t<\/div>\n\t\t\t\t\t\t\t\t\t\t\t<\/div>\n\t\t\t\t<\/div>\n\t\t\t<\/div>\n\t\t<\/div>\n\t\t\t\t\t\t\t\t\t<figure class=\"absolute size-[41.8rem] lg:size-[82.8rem] bottom-[-10%] right-[-10rem] lg:right-[-5%] image-contain opacity-100 skip-lazy\" data-parallax>\n\t\t\t\t\t<img decoding=\"async\" loading=\"eager\" src=\"https:\/\/etngbd86n6b.exactdn.com\/wp-content\/themes\/cbd\/img\/content-logo-colorfull-2.svg\" alt=\"content-logo-colorfull\">\n\t\t\t\t<\/figure>\n\t\t\t\t\t\t<\/section>\n<!-- team --><section   class=\"s-team s-padding bg-white\">\n    <div class=\"container\">\n        <div class=\"w-full grid sm:grid-cols-2 lg:grid-cols-4 gap-x-10 gap-y-10 sm:gap-y-20 text-center sm:text-left\">\n                            <div data-scroll data-fade-up>\n                    <div class=\"simple-card !bg-red text-white radius-30 no-bg-img\">\n                        <div class=\"title h4\">\n                            <p>Radna skupina za podatke i GDPR sastoji se od:<\/p>\n                        <\/div>\n                    <\/div>\n                <\/div>\n                                                                                                                        <div data-scroll data-fade-up>\n                        <div class=\"member-card h-[47rem] lg:h-[44rem] radius-20 cursor-pointer popup-action\">\n                            <figure class=\"bg radius-20\">\n                                <div class=\"overlay-bg\"><\/div>\n                                <img width=\"683\" height=\"1024\" src=\"https:\/\/etngbd86n6b.exactdn.com\/wp-content\/uploads\/2024\/10\/Olivia-Romero-Lux-2-683x1024.jpg?strip=all&amp;sharp=1\" class=\"attachment-large size-large wp-post-image\" alt=\"\" decoding=\"async\" loading=\"lazy\" srcset=\"https:\/\/etngbd86n6b.exactdn.com\/wp-content\/uploads\/2024\/10\/Olivia-Romero-Lux-2-683x1024.jpg?strip=all&amp;sharp=1 683w, https:\/\/etngbd86n6b.exactdn.com\/wp-content\/uploads\/2024\/10\/Olivia-Romero-Lux-2-200x300.jpg?strip=all&amp;sharp=1 200w, https:\/\/etngbd86n6b.exactdn.com\/wp-content\/uploads\/2024\/10\/Olivia-Romero-Lux-2-768x1152.jpg?strip=all&amp;sharp=1 768w, https:\/\/etngbd86n6b.exactdn.com\/wp-content\/uploads\/2024\/10\/Olivia-Romero-Lux-2-1024x1536.jpg?strip=all&amp;sharp=1 1024w, https:\/\/etngbd86n6b.exactdn.com\/wp-content\/uploads\/2024\/10\/Olivia-Romero-Lux-2.jpg?strip=all&amp;sharp=1 1067w, https:\/\/etngbd86n6b.exactdn.com\/wp-content\/uploads\/2024\/10\/Olivia-Romero-Lux-2.jpg?strip=all&amp;sharp=1&amp;w=426 426w, https:\/\/etngbd86n6b.exactdn.com\/wp-content\/uploads\/2024\/10\/Olivia-Romero-Lux-2.jpg?strip=all&amp;sharp=1&amp;w=853 853w\" sizes=\"auto, (max-width: 683px) 100vw, 683px\" \/>                            <\/figure>\n                            <div class=\"flex flex-col justify-end h-full p-5 radius-20 overflow-hidden\">\n                                <div class=\"top\">\n                                    <div class=\"absolute top-5 right-5 transition\">\n                                        <div class=\"btn btn-red !size-[4rem] small only-icon\">\n                                            <span>\n                                                <svg decoding=\"async\">\n                                                    <use xlink:href=\"#i-arrow-right\"><\/use>\n                                                <\/svg>\n                                            <\/span>\n                                        <\/div>\n                                    <\/div>\n                                <\/div>\n                                <div class=\"caption w-full bg-white text-center p-8 radius-20 z-10\">\n                                    <div class=\"title h6 !font-medium\">\n                                        <p>Olivia Romero Lux<\/p>\n                                    <\/div>\n                                                                                                                <div class=\"position lg:text-[16px] text-blue mt-4 opacity-90\">\n                                            <p>Glavni izvr\u0161ni direktor (CEO) i \u010dlan Upravnog odbora po slu\u017ebenoj du\u017enosti<\/p>\n                                        <\/div>\n                                                                    <\/div>\n                            <\/div>\n                            <div class=\"pop-up-content-info hidden\">\n                                <div class=\"row justify-between gap-14 lg:gap-0\">\n                                                                            <div class=\"w-full lg:w-5\/12\">\n                                            <div class=\"relative w-full max-w-[250px] lg:max-w-full h-[40rem] lg:h-[55rem] min-h-full mx-auto radius-20\">\n                                                <figure class=\"bg radius-20\">\n                                                    <img width=\"683\" height=\"1024\" src=\"https:\/\/etngbd86n6b.exactdn.com\/wp-content\/uploads\/2024\/10\/Olivia-Romero-Lux-2-683x1024.jpg?strip=all&amp;sharp=1\" class=\"attachment-large size-large wp-post-image\" alt=\"\" decoding=\"async\" loading=\"lazy\" srcset=\"https:\/\/etngbd86n6b.exactdn.com\/wp-content\/uploads\/2024\/10\/Olivia-Romero-Lux-2-683x1024.jpg?strip=all&amp;sharp=1 683w, https:\/\/etngbd86n6b.exactdn.com\/wp-content\/uploads\/2024\/10\/Olivia-Romero-Lux-2-200x300.jpg?strip=all&amp;sharp=1 200w, https:\/\/etngbd86n6b.exactdn.com\/wp-content\/uploads\/2024\/10\/Olivia-Romero-Lux-2-768x1152.jpg?strip=all&amp;sharp=1 768w, https:\/\/etngbd86n6b.exactdn.com\/wp-content\/uploads\/2024\/10\/Olivia-Romero-Lux-2-1024x1536.jpg?strip=all&amp;sharp=1 1024w, https:\/\/etngbd86n6b.exactdn.com\/wp-content\/uploads\/2024\/10\/Olivia-Romero-Lux-2.jpg?strip=all&amp;sharp=1 1067w, https:\/\/etngbd86n6b.exactdn.com\/wp-content\/uploads\/2024\/10\/Olivia-Romero-Lux-2.jpg?strip=all&amp;sharp=1&amp;w=426 426w, https:\/\/etngbd86n6b.exactdn.com\/wp-content\/uploads\/2024\/10\/Olivia-Romero-Lux-2.jpg?strip=all&amp;sharp=1&amp;w=853 853w\" sizes=\"auto, (max-width: 683px) 100vw, 683px\" \/>                                                <\/figure>\n                                            <\/div>\n                                        <\/div>\n                                                                        <div class=\"w-full lg:w-7\/12 lg:py-20 lg:pl-20 lg:self-center\">\n                                        <div class=\"title h5\">\n                                            <p>Olivia Romero Lux<\/p>\n                                        <\/div>\n                                                                                    <div class=\"details flex flex-col flex-wrap items-baseline mt-8\">\n                                                                                                                                                    <div class=\"flex gap-5\">\n                                                        <svg xmlns=\"http:\/\/www.w3.org\/2000\/svg\" viewBox=\"0 0 512 512\"><path d=\"M96 128a128 128 0 1 0 256 0A128 128 0 1 0 96 128zm94.5 200.2l18.6 31L175.8 483.1l-36-146.9c-2-8.1-9.8-13.4-17.9-11.3C51.9 342.4 0 405.8 0 481.3c0 17 13.8 30.7 30.7 30.7l131.7 0c0 0 0 0 .1 0l5.5 0 112 0 5.5 0c0 0 0 0 .1 0l131.7 0c17 0 30.7-13.8 30.7-30.7c0-75.5-51.9-138.9-121.9-156.4c-8.1-2-15.9 3.3-17.9 11.3l-36 146.9L238.9 359.2l18.6-31c6.4-10.7-1.3-24.2-13.7-24.2L224 304l-19.7 0c-12.4 0-20.1 13.6-13.7 24.2z\"\/><\/svg>\n                                                        Glavni izvr\u0161ni direktor (CEO) i \u010dlan Upravnog odbora po slu\u017ebenoj du\u017enosti                                                    <\/div>\n                                                                                                                                                    <div class=\"flex gap-5 items-end\">\n                                                        <svg xmlns=\"http:\/\/www.w3.org\/2000\/svg\" viewBox=\"0 0 512 512\"><path d=\"M48 64C21.5 64 0 85.5 0 112c0 15.1 7.1 29.3 19.2 38.4L236.8 313.6c11.4 8.5 27 8.5 38.4 0L492.8 150.4c12.1-9.1 19.2-23.3 19.2-38.4c0-26.5-21.5-48-48-48L48 64zM0 176L0 384c0 35.3 28.7 64 64 64l384 0c35.3 0 64-28.7 64-64l0-208L294.4 339.2c-22.8 17.1-54 17.1-76.8 0L0 176z\"\/><\/svg>\n                                                        <a href=\"mailto:oliviaromerolux@ehc.eu\">oliviaromerolux@ehc.eu<\/a>\n                                                    <\/div>\n                                                                                            <\/div>\n                                                                                                                            <div class=\"content text-[14px] mt-8 lg:max-w-[90%]\">\n                                                \n<p>Olivia se pridru\u017eila EHC timu u travnju 2024. nakon \u0161to je dugi niz godina volontirala i obna\u0161ala razli\u010dite uloge: \u010dlanica Upravnog odbora i privremena predsjednica.<\/p>\n\n<p>Usredoto\u010dena na pristup jednakom tretmanu za sve, obrazovanje mladih i ja\u010danje kapaciteta NMO-a, Olivia je bila izabrana u Upravni odbor EHC-a od 2013. do 2020. godine i od osnutka je savjetnica za mlade EHC-a. Ponovno je kooptirana da se pridru\u017ei Upravnom odboru EHC-a u sije\u010dnju 2023. U srpnju 2023. Upravni odbor EHC-a jednoglasno je imenovao Oliviju Romero Lux da preuzme ulogu predsjednice u privremenoj skrbnoj ulozi do kraja mandata u listopadu 2023. nakon ostavke Declana Noonea.  <\/p>\n\n<p>S dokazanom predano\u0161\u0107u i iskustvom, Olivia donosi bogatstvo stru\u010dnosti i vodstva na\u0161oj organizaciji. Njezina predanost trenutnoj viziji i strate\u0161kim ciljevima, kao i inovativan i uravnote\u017een pristup izazovima, vodit \u0107e EHC kroz na\u0161u sljede\u0107u fazu rasta i razvoja. <\/p>\n                                            <\/div>\n                                                                            <\/div>\n                                <\/div>\n                            <\/div>\n                        <\/div>\n                    <\/div>\n                                                                                                <div data-scroll data-fade-up>\n                        <div class=\"member-card h-[47rem] lg:h-[44rem] radius-20 cursor-pointer popup-action\">\n                            <figure class=\"bg radius-20\">\n                                <div class=\"overlay-bg\"><\/div>\n                                <img width=\"683\" height=\"1024\" src=\"https:\/\/etngbd86n6b.exactdn.com\/wp-content\/uploads\/2024\/10\/Stefan-Radovanovic-1-1-683x1024.jpg?strip=all&amp;sharp=1\" class=\"attachment-large size-large wp-post-image\" alt=\"\" decoding=\"async\" loading=\"lazy\" srcset=\"https:\/\/etngbd86n6b.exactdn.com\/wp-content\/uploads\/2024\/10\/Stefan-Radovanovic-1-1-683x1024.jpg?strip=all&amp;sharp=1 683w, https:\/\/etngbd86n6b.exactdn.com\/wp-content\/uploads\/2024\/10\/Stefan-Radovanovic-1-1-200x300.jpg?strip=all&amp;sharp=1 200w, https:\/\/etngbd86n6b.exactdn.com\/wp-content\/uploads\/2024\/10\/Stefan-Radovanovic-1-1-768x1152.jpg?strip=all&amp;sharp=1 768w, https:\/\/etngbd86n6b.exactdn.com\/wp-content\/uploads\/2024\/10\/Stefan-Radovanovic-1-1-1024x1536.jpg?strip=all&amp;sharp=1 1024w, https:\/\/etngbd86n6b.exactdn.com\/wp-content\/uploads\/2024\/10\/Stefan-Radovanovic-1-1.jpg?strip=all&amp;sharp=1 1067w, https:\/\/etngbd86n6b.exactdn.com\/wp-content\/uploads\/2024\/10\/Stefan-Radovanovic-1-1.jpg?strip=all&amp;sharp=1&amp;w=426 426w, https:\/\/etngbd86n6b.exactdn.com\/wp-content\/uploads\/2024\/10\/Stefan-Radovanovic-1-1.jpg?strip=all&amp;sharp=1&amp;w=853 853w\" sizes=\"auto, (max-width: 683px) 100vw, 683px\" \/>                            <\/figure>\n                            <div class=\"flex flex-col justify-end h-full p-5 radius-20 overflow-hidden\">\n                                <div class=\"top\">\n                                    <div class=\"absolute top-5 right-5 transition\">\n                                        <div class=\"btn btn-red !size-[4rem] small only-icon\">\n                                            <span>\n                                                <svg decoding=\"async\">\n                                                    <use xlink:href=\"#i-arrow-right\"><\/use>\n                                                <\/svg>\n                                            <\/span>\n                                        <\/div>\n                                    <\/div>\n                                <\/div>\n                                <div class=\"caption w-full bg-white text-center p-8 radius-20 z-10\">\n                                    <div class=\"title h6 !font-medium\">\n                                        <p>Stefan Radovanovi\u0107<\/p>\n                                    <\/div>\n                                                                                                                <div class=\"position lg:text-[16px] text-blue mt-4 opacity-90\">\n                                            <p>Anga\u017eman pacijenata i voditelj zajednice<\/p>\n                                        <\/div>\n                                                                    <\/div>\n                            <\/div>\n                            <div class=\"pop-up-content-info hidden\">\n                                <div class=\"row justify-between gap-14 lg:gap-0\">\n                                                                            <div class=\"w-full lg:w-5\/12\">\n                                            <div class=\"relative w-full max-w-[250px] lg:max-w-full h-[40rem] lg:h-[55rem] min-h-full mx-auto radius-20\">\n                                                <figure class=\"bg radius-20\">\n                                                    <img width=\"683\" height=\"1024\" src=\"https:\/\/etngbd86n6b.exactdn.com\/wp-content\/uploads\/2024\/10\/Stefan-Radovanovic-1-1-683x1024.jpg?strip=all&amp;sharp=1\" class=\"attachment-large size-large wp-post-image\" alt=\"\" decoding=\"async\" loading=\"lazy\" srcset=\"https:\/\/etngbd86n6b.exactdn.com\/wp-content\/uploads\/2024\/10\/Stefan-Radovanovic-1-1-683x1024.jpg?strip=all&amp;sharp=1 683w, https:\/\/etngbd86n6b.exactdn.com\/wp-content\/uploads\/2024\/10\/Stefan-Radovanovic-1-1-200x300.jpg?strip=all&amp;sharp=1 200w, https:\/\/etngbd86n6b.exactdn.com\/wp-content\/uploads\/2024\/10\/Stefan-Radovanovic-1-1-768x1152.jpg?strip=all&amp;sharp=1 768w, https:\/\/etngbd86n6b.exactdn.com\/wp-content\/uploads\/2024\/10\/Stefan-Radovanovic-1-1-1024x1536.jpg?strip=all&amp;sharp=1 1024w, https:\/\/etngbd86n6b.exactdn.com\/wp-content\/uploads\/2024\/10\/Stefan-Radovanovic-1-1.jpg?strip=all&amp;sharp=1 1067w, https:\/\/etngbd86n6b.exactdn.com\/wp-content\/uploads\/2024\/10\/Stefan-Radovanovic-1-1.jpg?strip=all&amp;sharp=1&amp;w=426 426w, https:\/\/etngbd86n6b.exactdn.com\/wp-content\/uploads\/2024\/10\/Stefan-Radovanovic-1-1.jpg?strip=all&amp;sharp=1&amp;w=853 853w\" sizes=\"auto, (max-width: 683px) 100vw, 683px\" \/>                                                <\/figure>\n                                            <\/div>\n                                        <\/div>\n                                                                        <div class=\"w-full lg:w-7\/12 lg:py-20 lg:pl-20 lg:self-center\">\n                                        <div class=\"title h5\">\n                                            <p>Stefan Radovanovi\u0107<\/p>\n                                        <\/div>\n                                                                                    <div class=\"details flex flex-col flex-wrap items-baseline mt-8\">\n                                                                                                                                                    <div class=\"flex gap-5\">\n                                                        <svg xmlns=\"http:\/\/www.w3.org\/2000\/svg\" viewBox=\"0 0 512 512\"><path d=\"M96 128a128 128 0 1 0 256 0A128 128 0 1 0 96 128zm94.5 200.2l18.6 31L175.8 483.1l-36-146.9c-2-8.1-9.8-13.4-17.9-11.3C51.9 342.4 0 405.8 0 481.3c0 17 13.8 30.7 30.7 30.7l131.7 0c0 0 0 0 .1 0l5.5 0 112 0 5.5 0c0 0 0 0 .1 0l131.7 0c17 0 30.7-13.8 30.7-30.7c0-75.5-51.9-138.9-121.9-156.4c-8.1-2-15.9 3.3-17.9 11.3l-36 146.9L238.9 359.2l18.6-31c6.4-10.7-1.3-24.2-13.7-24.2L224 304l-19.7 0c-12.4 0-20.1 13.6-13.7 24.2z\"\/><\/svg>\n                                                        Anga\u017eman pacijenata i voditelj zajednice                                                    <\/div>\n                                                                                                                                                    <div class=\"flex gap-5 items-end\">\n                                                        <svg xmlns=\"http:\/\/www.w3.org\/2000\/svg\" viewBox=\"0 0 512 512\"><path d=\"M48 64C21.5 64 0 85.5 0 112c0 15.1 7.1 29.3 19.2 38.4L236.8 313.6c11.4 8.5 27 8.5 38.4 0L492.8 150.4c12.1-9.1 19.2-23.3 19.2-38.4c0-26.5-21.5-48-48-48L48 64zM0 176L0 384c0 35.3 28.7 64 64 64l384 0c35.3 0 64-28.7 64-64l0-208L294.4 339.2c-22.8 17.1-54 17.1-76.8 0L0 176z\"\/><\/svg>\n                                                        <a href=\"mailto:stefan.radovanovic@ehc.eu\">stefan.radovanovic@ehc.eu<\/a>\n                                                    <\/div>\n                                                                                            <\/div>\n                                                                                                                            <div class=\"content text-[14px] mt-8 lg:max-w-[90%]\">\n                                                \n<p>Stefan se pridru\u017eio osoblju EHC-a u prosincu 2024. kao voditelj anga\u017emana pacijenata i zajednice, nakon \u0161to je godinama volontirao u organizacijama za pacijente s poreme\u0107ajima zgru\u0161avanja u Srbiji i inozemstvu. Ima te\u0161ku hemofiliju A i ima diplomu prvostupnika prava.   <\/p>\n\n<p>Njegova najve\u0107a strast je zagovaranje pacijenata, a posebno je strastven u pobolj\u0161anju anga\u017emana mladih unutar zajednice s poreme\u0107ajima zgru\u0161avanja. Stoga je Stefan bio predsjednik Odbora mladih Srpskog dru\u0161tva za hemofiliju i \u010dlan Odbora mladih EHC-a od 2018. do 2024. <\/p>\n\n<p>Godine 2020. tako\u0111er je kooptiran kao \u010dlan Upravnog odbora EHC-a, na kojoj je du\u017enosti ostao do novih izbora u listopadu 2024. Stefan nastoji nastaviti pobolj\u0161avati \u017eivote osoba pogo\u0111enih poreme\u0107ajima zgru\u0161avanja kroz suradnju s cijelom zajednicom. <\/p>\n\n<p><strong>Stefanove glavne odgovornosti u EHC-u uklju\u010duju nadzor nad Europskom mre\u017eom za rijetke i inhibitore (ERIN) i Odborom za mlade, upravljanje klju\u010dnim aktivnostima i doga\u0111anjima, poput EHC Leadership Conference, radionice za mlade vodstvo, Youth Alumni doga\u0111aja i ERIN Summita. Tako\u0111er je odgovoran za Program stipendija mladih i slu\u017ei kao veza za odabrane NMO-e. <\/strong><\/p>\n                                            <\/div>\n                                                                            <\/div>\n                                <\/div>\n                            <\/div>\n                        <\/div>\n                    <\/div>\n                                    <\/div>\n    <\/div>\n<\/section>\n","protected":false},"excerpt":{"rendered":"","protected":false},"author":4,"featured_media":0,"parent":3587,"menu_order":0,"comment_status":"closed","ping_status":"closed","template":"","meta":{"_acf_changed":false,"footnotes":""},"class_list":["post-5864","page","type-page","status-publish","hentry"],"acf":[],"jetpack_sharing_enabled":true,"_links":{"self":[{"href":"https:\/\/www.ehc.eu\/hr\/wp-json\/wp\/v2\/pages\/5864","targetHints":{"allow":["GET"]}}],"collection":[{"href":"https:\/\/www.ehc.eu\/hr\/wp-json\/wp\/v2\/pages"}],"about":[{"href":"https:\/\/www.ehc.eu\/hr\/wp-json\/wp\/v2\/types\/page"}],"author":[{"embeddable":true,"href":"https:\/\/www.ehc.eu\/hr\/wp-json\/wp\/v2\/users\/4"}],"replies":[{"embeddable":true,"href":"https:\/\/www.ehc.eu\/hr\/wp-json\/wp\/v2\/comments?post=5864"}],"version-history":[{"count":1,"href":"https:\/\/www.ehc.eu\/hr\/wp-json\/wp\/v2\/pages\/5864\/revisions"}],"predecessor-version":[{"id":5867,"href":"https:\/\/www.ehc.eu\/hr\/wp-json\/wp\/v2\/pages\/5864\/revisions\/5867"}],"up":[{"embeddable":true,"href":"https:\/\/www.ehc.eu\/hr\/wp-json\/wp\/v2\/pages\/3587"}],"wp:attachment":[{"href":"https:\/\/www.ehc.eu\/hr\/wp-json\/wp\/v2\/media?parent=5864"}],"curies":[{"name":"wp","href":"https:\/\/api.w.org\/{rel}","templated":true}]}}