{"id":6240,"date":"2024-10-24T09:03:28","date_gmt":"2024-10-24T07:03:28","guid":{"rendered":"https:\/\/www.ehc.eu\/ehc-nmo-program-organizacijskog-zdravlja\/"},"modified":"2026-04-02T16:32:41","modified_gmt":"2026-04-02T14:32:41","slug":"ehc-nmo-program-organizacijskog-zdravlja","status":"publish","type":"page","link":"https:\/\/www.ehc.eu\/hr\/ehc-nmo-program-organizacijskog-zdravlja\/","title":{"rendered":"EHC NMO Program organizacijskog zdravlja"},"content":{"rendered":"<!-- hero -->\t<section   class=\"subpage-hero bg-red text-white\">\n\t\t<div class=\"container\">\n\t\t\t<div class=\"relative z-10\">\n\t\t\t\t<div class=\"pt-16 lg:pt-24 pb-24 lg:pb-32\">\n\t\t\t\t\t<div class=\"row justify-between gap-10 lg:gap-0 mt-10 text-center lg:text-left\">\n\t\t\t\t\t\t<div class=\"w-full lg:w-6\/12 lg:self-center\">\n\t\t\t\t\t\t\t\t\t\t\t\t\t\t\t<div class=\"title h2\" data-scroll data-fade-up>\n\t\t\t\t\t\t\t\t\t<p class=\"text-[115%]\">EHC NMO Program organizacijskog zdravlja<\/p>\n\t\t\t\t\t\t\t\t<\/div>\n\t\t\t\t\t\t\t\t\t\t\t\t\t\t\t\t\t\t\t\t\t\t<div class=\"content mt-14 lg:mt-20\" data-scroll data-fade-up data-delay-02>\n\t\t\t\t\t\t\t\t\t<p>Program organizacijskog zdravlja (OHP) je program odobren od strane NMO-a EHC-a i ugra\u0111en u rad EHC-a kao prilika za refleksiju i rast NMO-a.<\/p>\n\t\t\t\t\t\t\t\t<\/div>\n\t\t\t\t\t\t\t\t\t\t\t\t\t<\/div>\n\t\t\t\t\t\t\t\t\t\t\t<\/div>\n\t\t\t\t<\/div>\n\t\t\t<\/div>\n\t\t<\/div>\n\t\t\t\t\t\t\t\t\t<figure class=\"absolute size-[82.8rem] bottom-[-30%] right-[-5%] image-contain opacity-20 skip-lazy\" data-parallax>\n\t                <img decoding=\"async\" loading=\"eager\" src=\"https:\/\/etngbd86n6b.exactdn.com\/wp-content\/themes\/cbd\/img\/content-logo-colorfull.svg\" alt=\"content-logo-colorfull\">\n\t            <\/figure>\n\t\t\t\t\t\t<\/section>\n<!-- overview -->\t<section   class=\"s-overlay-img s-padding\">\n\t\t<div class=\"container\">\n\t\t\t<div class=\"row w-full lg:flex-row-reverse justify-between text-center lg:text-left relative z-10\">\n\t\t\t\t\t\t\t\t\t<div class=\"w-full lg:w-6\/12 min-h-full\">\n\t\t\t\t\t\t<div class=\"w-full h-[35rem] lg:h-[25vmax] min-h-full relative overflow-hidden radius-20\">\n\t\t\t\t\t\t\t<figure class=\"absolute top-0 left-0 size-full radius-20\" data-img-animation>\n\t\t\t\t\t\t\t\t<img width=\"940\" height=\"788\" src=\"https:\/\/etngbd86n6b.exactdn.com\/wp-content\/uploads\/2024\/11\/OHP.jpg?strip=all&amp;sharp=1\" class=\"attachment-large size-large\" alt=\"\" decoding=\"async\" loading=\"lazy\" srcset=\"https:\/\/etngbd86n6b.exactdn.com\/wp-content\/uploads\/2024\/11\/OHP.jpg?strip=all&amp;sharp=1 940w, https:\/\/etngbd86n6b.exactdn.com\/wp-content\/uploads\/2024\/11\/OHP-300x251.jpg?strip=all&amp;sharp=1 300w, https:\/\/etngbd86n6b.exactdn.com\/wp-content\/uploads\/2024\/11\/OHP-768x644.jpg?strip=all&amp;sharp=1 768w, https:\/\/etngbd86n6b.exactdn.com\/wp-content\/uploads\/2024\/11\/OHP.jpg?strip=all&amp;sharp=1&amp;w=188 188w, https:\/\/etngbd86n6b.exactdn.com\/wp-content\/uploads\/2024\/11\/OHP.jpg?strip=all&amp;sharp=1&amp;w=376 376w, https:\/\/etngbd86n6b.exactdn.com\/wp-content\/uploads\/2024\/11\/OHP.jpg?strip=all&amp;sharp=1&amp;w=564 564w, https:\/\/etngbd86n6b.exactdn.com\/wp-content\/uploads\/2024\/11\/OHP.jpg?strip=all&amp;sharp=1&amp;w=450 450w\" sizes=\"auto, (max-width: 940px) 100vw, 940px\" \/>\t\t\t\t\t\t\t<\/figure>\n\t\t\t\t\t\t<\/div>\n\t\t\t\t\t<\/div>\n\t\t\t\t\t\t\t\t<div class=\"w-full lg:w-6\/12 lg:py-10\">\n\t\t\t\t\t<div class=\"lg:w-[120%] bg-white py-12 px-0 lg:py-24 lg:px-24 relative radius-20 z-10\">\n\t\t\t\t\t\t\t\t\t\t\t\t\t\t\t\t\t\t\t\t\t\t\t\t\t<div class=\"content mt-8\" data-scroll data-fade-up>\n\t\t\t\t\t\t\t\t<p><span style=\"font-weight: 400;\">Dizajniran kao alat za NMO-e i sam EHC za ispunjavanje zakonskih zahtjeva (\u010dlanak 6.1.) usvojenih 2024. godine, kao i za podr\u0161ku kontinuiranoj evaluaciji, rastu i pobolj\u0161anju NMO-a \u2013 i EHC-a \u2013 koji su svi klju\u010dni procesi zdrave organizacije, OHP je organski dio EHC-ove tapiserije i interakcije s NMO-ima.  <\/span><\/p>\n<p><span style=\"font-weight: 400;\">Za zajednicu EHC-a to zna\u010di podr\u0161ku svojim NMO-ima da budu kompetentni, odr\u017eivi, neovisni, proaktivni i inkluzivni prema svim uro\u0111enim poreme\u0107ajima krvarenja. EHC \u0107e podr\u017eavati NMO-ove u promicanju najboljih praksi poput demokratskih i uklju\u010divih struktura, financijskih transparentnosti te odr\u017eivih i formalnih odnosa s dionicima. <\/span><\/p>\n\t\t\t\t\t\t\t<\/div>\n\t\t\t\t\t\t\t\t\t\t\t\t\t\t\t\t\t<\/div>\n\t\t\t\t<\/div>\n\t\t\t<\/div>\n\t\t<\/div>\n\t<\/section>\n","protected":false},"excerpt":{"rendered":"","protected":false},"author":1,"featured_media":0,"parent":0,"menu_order":0,"comment_status":"closed","ping_status":"closed","template":"","meta":{"_acf_changed":false,"footnotes":""},"class_list":["post-6240","page","type-page","status-publish","hentry"],"acf":[],"jetpack_sharing_enabled":true,"_links":{"self":[{"href":"https:\/\/www.ehc.eu\/hr\/wp-json\/wp\/v2\/pages\/6240","targetHints":{"allow":["GET"]}}],"collection":[{"href":"https:\/\/www.ehc.eu\/hr\/wp-json\/wp\/v2\/pages"}],"about":[{"href":"https:\/\/www.ehc.eu\/hr\/wp-json\/wp\/v2\/types\/page"}],"author":[{"embeddable":true,"href":"https:\/\/www.ehc.eu\/hr\/wp-json\/wp\/v2\/users\/1"}],"replies":[{"embeddable":true,"href":"https:\/\/www.ehc.eu\/hr\/wp-json\/wp\/v2\/comments?post=6240"}],"version-history":[{"count":1,"href":"https:\/\/www.ehc.eu\/hr\/wp-json\/wp\/v2\/pages\/6240\/revisions"}],"predecessor-version":[{"id":6243,"href":"https:\/\/www.ehc.eu\/hr\/wp-json\/wp\/v2\/pages\/6240\/revisions\/6243"}],"wp:attachment":[{"href":"https:\/\/www.ehc.eu\/hr\/wp-json\/wp\/v2\/media?parent=6240"}],"curies":[{"name":"wp","href":"https:\/\/api.w.org\/{rel}","templated":true}]}}