{"id":6248,"date":"2024-10-23T13:15:30","date_gmt":"2024-10-23T11:15:30","guid":{"rendered":"https:\/\/www.ehc.eu\/upravljanje\/medicinska-savjetodavna-skupina-mag\/"},"modified":"2026-04-02T16:32:40","modified_gmt":"2026-04-02T14:32:40","slug":"medicinska-savjetodavna-skupina-mag","status":"publish","type":"page","link":"https:\/\/www.ehc.eu\/hr\/upravljanje\/medicinska-savjetodavna-skupina-mag\/","title":{"rendered":"Medicinska savjetodavna skupina (MAG)"},"content":{"rendered":"<!-- hero -->\t<section   class=\"subpage-hero bg-white\">\n\t\t<div class=\"container\">\n\t\t\t<div class=\"relative z-10\">\n\t\t\t\t<div class=\"pt-16 lg:pt-24 pb-24 lg:pb-32\">\n\t\t\t\t\t<div class=\"row justify-between gap-10 lg:gap-0 mt-10 text-center lg:text-left\">\n\t\t\t\t\t\t<div class=\"w-full lg:w-6\/12 lg:self-center\">\n\t\t\t\t\t\t\t\t\t\t\t\t\t\t\t<div class=\"title h2\" data-scroll data-fade-up>\n\t\t\t\t\t\t\t\t\t<p class=\"text-[115%]\">Medicinska savjetodavna skupina (MAG)<\/p>\n\t\t\t\t\t\t\t\t<\/div>\n\t\t\t\t\t\t\t\t\t\t\t\t\t\t\t\t\t\t\t\t\t\t<div class=\"content mt-14 lg:mt-20\" data-scroll data-fade-up data-delay-02>\n\t\t\t\t\t\t\t\t\t<p>Osnovan 2009. godine, EHC MAG sastoji se od klju\u010dnih medicinskih i znanstvenih stru\u010dnjaka za hemofiliju i druge rijetke poreme\u0107aje zgru\u0161avanja. Oni pru\u017eaju visokokvalitetne medicinske i znanstvene doprinose, podr\u0161ku, smjernice i strate\u0161ke savjete Upravnom odboru i osoblju EHC-a.   <\/p>\n<p>MAG tako\u0111er daje doprinos znanstvenom programu godi\u0161nje konferencije EHC-a i programima drugih doga\u0111aja EHC-a, uklju\u010duju\u0107i okrugle stolove dionika.<\/p>\n\t\t\t\t\t\t\t\t<\/div>\n\t\t\t\t\t\t\t\t\t\t\t\t\t<\/div>\n\t\t\t\t\t\t\t\t\t\t\t<\/div>\n\t\t\t\t<\/div>\n\t\t\t<\/div>\n\t\t<\/div>\n\t\t\t\t\t\t\t\t\t<figure class=\"absolute size-[41.8rem] lg:size-[82.8rem] bottom-[-10%] right-[-10rem] lg:right-[-5%] image-contain opacity-100 skip-lazy\" data-parallax>\n\t\t\t\t\t<img decoding=\"async\" loading=\"eager\" src=\"https:\/\/etngbd86n6b.exactdn.com\/wp-content\/themes\/cbd\/img\/content-logo-colorfull-2.svg\" alt=\"content-logo-colorfull\">\n\t\t\t\t<\/figure>\n\t\t\t\t\t\t<\/section>\n<!-- team --><section   class=\"s-team s-padding bg-white\">\n    <div class=\"container\">\n        <div class=\"w-full grid sm:grid-cols-2 lg:grid-cols-4 gap-x-10 gap-y-10 sm:gap-y-20 text-center sm:text-left\">\n                            <div data-scroll data-fade-up>\n                    <div class=\"simple-card !bg-red text-white radius-30 no-bg-img\">\n                        <div class=\"title h4\">\n                            <p>MAG se sastoji od:<\/p>\n                        <\/div>\n                    <\/div>\n                <\/div>\n                                        <div class=\"w-full s-padding text-center\">\n                    <div class=\"title h4\">\n                        <p>Members not found<\/p>\n                    <\/div>\n                <\/div>\n                    <\/div>\n    <\/div>\n<\/section>\n","protected":false},"excerpt":{"rendered":"","protected":false},"author":1,"featured_media":0,"parent":3587,"menu_order":0,"comment_status":"closed","ping_status":"closed","template":"","meta":{"_acf_changed":false,"footnotes":""},"class_list":["post-6248","page","type-page","status-publish","hentry"],"acf":[],"jetpack_sharing_enabled":true,"_links":{"self":[{"href":"https:\/\/www.ehc.eu\/hr\/wp-json\/wp\/v2\/pages\/6248","targetHints":{"allow":["GET"]}}],"collection":[{"href":"https:\/\/www.ehc.eu\/hr\/wp-json\/wp\/v2\/pages"}],"about":[{"href":"https:\/\/www.ehc.eu\/hr\/wp-json\/wp\/v2\/types\/page"}],"author":[{"embeddable":true,"href":"https:\/\/www.ehc.eu\/hr\/wp-json\/wp\/v2\/users\/1"}],"replies":[{"embeddable":true,"href":"https:\/\/www.ehc.eu\/hr\/wp-json\/wp\/v2\/comments?post=6248"}],"version-history":[{"count":1,"href":"https:\/\/www.ehc.eu\/hr\/wp-json\/wp\/v2\/pages\/6248\/revisions"}],"predecessor-version":[{"id":6250,"href":"https:\/\/www.ehc.eu\/hr\/wp-json\/wp\/v2\/pages\/6248\/revisions\/6250"}],"up":[{"embeddable":true,"href":"https:\/\/www.ehc.eu\/hr\/wp-json\/wp\/v2\/pages\/3587"}],"wp:attachment":[{"href":"https:\/\/www.ehc.eu\/hr\/wp-json\/wp\/v2\/media?parent=6248"}],"curies":[{"name":"wp","href":"https:\/\/api.w.org\/{rel}","templated":true}]}}