{"id":6252,"date":"2024-11-29T11:26:43","date_gmt":"2024-11-29T10:26:43","guid":{"rendered":"https:\/\/www.ehc.eu\/upravljanje\/radna-skupina-za-pregled-novog-lijecenja-ntr\/"},"modified":"2026-04-02T16:32:41","modified_gmt":"2026-04-02T14:32:41","slug":"radna-skupina-za-pregled-novog-lijecenja-ntr","status":"publish","type":"page","link":"https:\/\/www.ehc.eu\/hr\/upravljanje\/radna-skupina-za-pregled-novog-lijecenja-ntr\/","title":{"rendered":"Radna skupina za pregled novog lije\u010denja (NTR)."},"content":{"rendered":"<!-- hero -->\t<section   class=\"subpage-hero bg-white\">\n\t\t<div class=\"container\">\n\t\t\t<div class=\"relative z-10\">\n\t\t\t\t<div class=\"pt-16 lg:pt-24 pb-24 lg:pb-32\">\n\t\t\t\t\t<div class=\"row justify-between gap-10 lg:gap-0 mt-10 text-center lg:text-left\">\n\t\t\t\t\t\t<div class=\"w-full lg:w-6\/12 lg:self-center\">\n\t\t\t\t\t\t\t\t\t\t\t\t\t\t\t<div class=\"title h2\" data-scroll data-fade-up>\n\t\t\t\t\t\t\t\t\t<p class=\"text-[115%]\">Radna skupina za pregled novog lije\u010denja (NTR).<\/p>\n\t\t\t\t\t\t\t\t<\/div>\n\t\t\t\t\t\t\t\t\t\t\t\t\t\t\t\t\t\t\t\t\t\t<div class=\"content mt-14 lg:mt-20\" data-scroll data-fade-up data-delay-02>\n\t\t\t\t\t\t\t\t\t<p>Krajolik lije\u010denja hemofilije brzo se razvija, s mnogim novim i inovativnim terapijama koje su u zavr\u0161noj fazi razvoja ili se plasiraju na tr\u017ei\u0161te u Europi. Kako bi pomogao na\u0161im \u010dlanovima da se sna\u0111u u tim promjenama, EHC je razvio publikaciju, <strong>Novel Treatment Review (NTR), koja<\/strong> se izdaje dvaput godi\u0161nje s najnovijim terapijskim dostignu\u0107ima. <\/p>\n<p><span style=\"font-weight: 400;\">Rad Radne skupine NTR-a podr\u017eava <strong>Roberta Sadauskaite<\/strong>, voditeljica javne politike EHC-a.  <\/span><\/p>\n\t\t\t\t\t\t\t\t<\/div>\n\t\t\t\t\t\t\t\t\t\t\t\t\t<\/div>\n\t\t\t\t\t\t\t\t\t\t\t\t\t<div class=\"w-full lg:w-4\/12 mt-14 lg:mt-0 lg:self-center\" data-scroll data-fade-left>\n                                <div class=\"relative w-full lg:w-[40vw] px-10 lg:px-20 py-14 lg:py-28 text-white bg-blue-lightSemi radius-20\">\n                                \t\t                                    <div class=\"title h5 relative z-10\">\n\t                                        <p>Pro\u010ditajte NTR-ove na EHC akademiji<\/p>\n\t                                    <\/div>\n\t                                \t                                \t                                    <div class=\"flex justify-center lg:justify-start items-center gap-5 flex-wrap mt-14 relative z-10\">\n\t                                    \t\t                                    \t\t<div class=\"button\">\n\t                                    \t\t\t<a href=\"https:\/\/academy.ehc.eu\/novel-treatment-product-reviews\/\" target=\"_blank\" class=\"btn btn-blue-extraLight with-icon\">\n\t                                    \t\t\t\t<span>Learn more<\/span>\n\t                                    \t\t\t<\/a>\n\t                                    \t\t<\/div>\n\t                                    \t\t                                    <\/div>\n                                                                        <figure class=\"absolute size-[30rem] bottom-[-10%] right-[-5%] image-contain opacity-20\" data-parallax>\n                                        <img decoding=\"async\" loading=\"lazy\" src=\"https:\/\/etngbd86n6b.exactdn.com\/wp-content\/themes\/cbd\/img\/content-logo-colorfull.svg\" alt=\"content-logo-colorfull\">\n                                    <\/figure>\n                                <\/div>\n                            <\/div>\n\t\t\t\t\t\t\t\t\t\t\t<\/div>\n\t\t\t\t<\/div>\n\t\t\t<\/div>\n\t\t<\/div>\n\t\t\t\t\t\t\t\t\t<figure class=\"absolute size-[41.8rem] lg:size-[82.8rem] bottom-[-10%] right-[-10rem] lg:right-[-5%] image-contain opacity-100 skip-lazy\" data-parallax>\n\t\t\t\t\t<img decoding=\"async\" loading=\"eager\" src=\"https:\/\/etngbd86n6b.exactdn.com\/wp-content\/themes\/cbd\/img\/content-logo-colorfull-2.svg\" alt=\"content-logo-colorfull\">\n\t\t\t\t<\/figure>\n\t\t\t\t\t\t<\/section>\n<!-- team --><section   class=\"s-team s-padding bg-white\">\n    <div class=\"container\">\n        <div class=\"w-full grid sm:grid-cols-2 lg:grid-cols-4 gap-x-10 gap-y-10 sm:gap-y-20 text-center sm:text-left\">\n                            <div data-scroll data-fade-up>\n                    <div class=\"simple-card !bg-red text-white radius-30 no-bg-img\">\n                        <div class=\"title h4\">\n                            <p>Radna skupina EHC NTR sastoji se od:<\/p>\n                        <\/div>\n                    <\/div>\n                <\/div>\n                                        <div class=\"w-full s-padding text-center\">\n                    <div class=\"title h4\">\n                        <p>Members not found<\/p>\n                    <\/div>\n                <\/div>\n                    <\/div>\n    <\/div>\n<\/section>\n","protected":false},"excerpt":{"rendered":"","protected":false},"author":2,"featured_media":0,"parent":3587,"menu_order":0,"comment_status":"closed","ping_status":"closed","template":"","meta":{"_acf_changed":false,"footnotes":""},"class_list":["post-6252","page","type-page","status-publish","hentry"],"acf":[],"jetpack_sharing_enabled":true,"_links":{"self":[{"href":"https:\/\/www.ehc.eu\/hr\/wp-json\/wp\/v2\/pages\/6252","targetHints":{"allow":["GET"]}}],"collection":[{"href":"https:\/\/www.ehc.eu\/hr\/wp-json\/wp\/v2\/pages"}],"about":[{"href":"https:\/\/www.ehc.eu\/hr\/wp-json\/wp\/v2\/types\/page"}],"author":[{"embeddable":true,"href":"https:\/\/www.ehc.eu\/hr\/wp-json\/wp\/v2\/users\/2"}],"replies":[{"embeddable":true,"href":"https:\/\/www.ehc.eu\/hr\/wp-json\/wp\/v2\/comments?post=6252"}],"version-history":[{"count":1,"href":"https:\/\/www.ehc.eu\/hr\/wp-json\/wp\/v2\/pages\/6252\/revisions"}],"predecessor-version":[{"id":6255,"href":"https:\/\/www.ehc.eu\/hr\/wp-json\/wp\/v2\/pages\/6252\/revisions\/6255"}],"up":[{"embeddable":true,"href":"https:\/\/www.ehc.eu\/hr\/wp-json\/wp\/v2\/pages\/3587"}],"wp:attachment":[{"href":"https:\/\/www.ehc.eu\/hr\/wp-json\/wp\/v2\/media?parent=6252"}],"curies":[{"name":"wp","href":"https:\/\/api.w.org\/{rel}","templated":true}]}}